{"id":8950,"date":"2023-04-03T13:19:55","date_gmt":"2023-04-03T13:19:55","guid":{"rendered":"https:\/\/www.essence-du-fragrance.ro\/?post_type=product&#038;p=8950"},"modified":"2026-03-10T20:05:34","modified_gmt":"2026-03-10T20:05:34","slug":"fiori-di-cotone","status":"publish","type":"product","link":"https:\/\/www.essence-du-fragrance.ro\/en\/product\/fiori-di-cotone\/","title":{"rendered":"COTTON BANDS"},"content":{"rendered":"","protected":false},"excerpt":{"rendered":"<p><strong>Parfumul delicat si pur al florilor de bumbac aminteste de o dimineata de primavara devreme, cand natura se trezeste din somn si umple lumea cu culori stralucitoare. Creati o atmosfera delicata si de r\u0103sf\u0103\u021b, gratie parfumului de bumbac alb.<\/strong><\/p>\n<p class=\"p1\"><span class=\"s1\">Prezentare: odorizant pentru camera, 200ml, care vine insotit de 8 betisoare pentru o difuzie optima. Recomandam pozitionarea acestuia intr-un loc ferit de razele directe ale soarelui sau surse de caldura. Pentru un miros mai intens betisoarele se pot intoarce din cand in cand.<\/span><\/p>","protected":false},"featured_media":9318,"template":"","meta":[],"product_brand":[],"product_cat":[20],"product_tag":[142],"class_list":{"0":"post-8950","1":"product","2":"type-product","3":"status-publish","4":"has-post-thumbnail","6":"product_cat-home-fragrance","7":"product_tag-floare-de-bumbac","9":"first","10":"instock","11":"shipping-taxable","12":"purchasable","13":"product-type-simple"},"yoast_head":"<!-- This site is optimized with the Yoast SEO Premium plugin v20.4 (Yoast SEO v26.3) - https:\/\/yoast.com\/wordpress\/plugins\/seo\/ -->\n<title>FIORI DI COTONE - Essence du Fragrance<\/title>\n<meta name=\"robots\" content=\"index, follow, max-snippet:-1, max-image-preview:large, max-video-preview:-1\" \/>\n<link rel=\"canonical\" href=\"https:\/\/www.essence-du-fragrance.ro\/en\/product\/fiori-di-cotone\/\" \/>\n<meta property=\"og:locale\" content=\"en_US\" \/>\n<meta property=\"og:type\" content=\"article\" \/>\n<meta property=\"og:title\" content=\"FIORI DI COTONE\" \/>\n<meta property=\"og:description\" content=\"Parfumul delicat si pur al florilor de bumbac aminteste de o dimineata de primavara devreme, cand natura se trezeste din somn si umple lumea cu culori stralucitoare. Creati o atmosfera delicata si de r\u0103sf\u0103\u021b, gratie parfumului de bumbac alb. Prezentare: odorizant pentru camera, 200ml, care vine insotit de 8 betisoare pentru o difuzie optima. Recomandam pozitionarea acestuia intr-un loc ferit de razele directe ale soarelui sau surse de caldura. Pentru un miros mai intens betisoarele se pot intoarce din cand in cand.\" \/>\n<meta property=\"og:url\" content=\"https:\/\/www.essence-du-fragrance.ro\/en\/product\/fiori-di-cotone\/\" \/>\n<meta property=\"og:site_name\" content=\"Essence du Fragrance\" \/>\n<meta property=\"article:modified_time\" content=\"2026-03-10T20:05:34+00:00\" \/>\n<meta property=\"og:image\" content=\"https:\/\/www.essence-du-fragrance.ro\/wp-content\/uploads\/2023\/04\/089A2937-scaled.jpg\" \/>\n\t<meta property=\"og:image:width\" content=\"1707\" \/>\n\t<meta property=\"og:image:height\" content=\"2560\" \/>\n\t<meta property=\"og:image:type\" content=\"image\/jpeg\" \/>\n<meta name=\"twitter:card\" content=\"summary_large_image\" \/>\n<meta name=\"twitter:label1\" content=\"Est. reading time\" \/>\n\t<meta name=\"twitter:data1\" content=\"1 minute\" \/>\n<script type=\"application\/ld+json\" class=\"yoast-schema-graph\">{\"@context\":\"https:\/\/schema.org\",\"@graph\":[{\"@type\":\"WebPage\",\"@id\":\"https:\/\/www.essence-du-fragrance.ro\/produs\/fiori-di-cotone\/\",\"url\":\"https:\/\/www.essence-du-fragrance.ro\/produs\/fiori-di-cotone\/\",\"name\":\"FIORI DI COTONE - Essence du Fragrance\",\"isPartOf\":{\"@id\":\"https:\/\/www.essence-du-fragrance.ro\/#website\"},\"primaryImageOfPage\":{\"@id\":\"https:\/\/www.essence-du-fragrance.ro\/produs\/fiori-di-cotone\/#primaryimage\"},\"image\":{\"@id\":\"https:\/\/www.essence-du-fragrance.ro\/produs\/fiori-di-cotone\/#primaryimage\"},\"thumbnailUrl\":\"https:\/\/www.essence-du-fragrance.ro\/wp-content\/uploads\/2023\/04\/089A2937-scaled.jpg\",\"datePublished\":\"2023-04-03T13:19:55+00:00\",\"dateModified\":\"2026-03-10T20:05:34+00:00\",\"breadcrumb\":{\"@id\":\"https:\/\/www.essence-du-fragrance.ro\/produs\/fiori-di-cotone\/#breadcrumb\"},\"inLanguage\":\"en-US\",\"potentialAction\":[{\"@type\":\"ReadAction\",\"target\":[\"https:\/\/www.essence-du-fragrance.ro\/produs\/fiori-di-cotone\/\"]}]},{\"@type\":\"ImageObject\",\"inLanguage\":\"en-US\",\"@id\":\"https:\/\/www.essence-du-fragrance.ro\/produs\/fiori-di-cotone\/#primaryimage\",\"url\":\"https:\/\/www.essence-du-fragrance.ro\/wp-content\/uploads\/2023\/04\/089A2937-scaled.jpg\",\"contentUrl\":\"https:\/\/www.essence-du-fragrance.ro\/wp-content\/uploads\/2023\/04\/089A2937-scaled.jpg\",\"width\":1707,\"height\":2560},{\"@type\":\"BreadcrumbList\",\"@id\":\"https:\/\/www.essence-du-fragrance.ro\/produs\/fiori-di-cotone\/#breadcrumb\",\"itemListElement\":[{\"@type\":\"ListItem\",\"position\":1,\"name\":\"Prima pagin\u0103\",\"item\":\"https:\/\/www.essence-du-fragrance.ro\/\"},{\"@type\":\"ListItem\",\"position\":2,\"name\":\"Magazin\",\"item\":\"https:\/\/www.essence-du-fragrance.ro\/magazin-parfumuri-exclusiviste-ambientale\/\"},{\"@type\":\"ListItem\",\"position\":3,\"name\":\"FIORI DI COTONE\"}]},{\"@type\":\"WebSite\",\"@id\":\"https:\/\/www.essence-du-fragrance.ro\/#website\",\"url\":\"https:\/\/www.essence-du-fragrance.ro\/\",\"name\":\"Essence du Fragrance\",\"description\":\"Transform\u0103 orice \u00eenc\u0103pere \u00eentr-un paradis olfactiv cu Essence du Fragrance!\",\"publisher\":{\"@id\":\"https:\/\/www.essence-du-fragrance.ro\/#organization\"},\"potentialAction\":[{\"@type\":\"SearchAction\",\"target\":{\"@type\":\"EntryPoint\",\"urlTemplate\":\"https:\/\/www.essence-du-fragrance.ro\/?s={search_term_string}\"},\"query-input\":{\"@type\":\"PropertyValueSpecification\",\"valueRequired\":true,\"valueName\":\"search_term_string\"}}],\"inLanguage\":\"en-US\"},{\"@type\":\"Organization\",\"@id\":\"https:\/\/www.essence-du-fragrance.ro\/#organization\",\"name\":\"Essence du Fragrance\",\"url\":\"https:\/\/www.essence-du-fragrance.ro\/\",\"logo\":{\"@type\":\"ImageObject\",\"inLanguage\":\"en-US\",\"@id\":\"https:\/\/www.essence-du-fragrance.ro\/#\/schema\/logo\/image\/\",\"url\":\"https:\/\/www.essence-du-fragrance.ro\/wp-content\/uploads\/2023\/03\/3-Favicon.png\",\"contentUrl\":\"https:\/\/www.essence-du-fragrance.ro\/wp-content\/uploads\/2023\/03\/3-Favicon.png\",\"width\":1024,\"height\":1024,\"caption\":\"Essence du Fragrance\"},\"image\":{\"@id\":\"https:\/\/www.essence-du-fragrance.ro\/#\/schema\/logo\/image\/\"}}]}<\/script>\n<!-- \/ Yoast SEO Premium plugin. -->","yoast_head_json":{"title":"FIORI DI COTONE - Essence du Fragrance","robots":{"index":"index","follow":"follow","max-snippet":"max-snippet:-1","max-image-preview":"max-image-preview:large","max-video-preview":"max-video-preview:-1"},"canonical":"https:\/\/www.essence-du-fragrance.ro\/en\/product\/fiori-di-cotone\/","og_locale":"en_US","og_type":"article","og_title":"FIORI DI COTONE","og_description":"Parfumul delicat si pur al florilor de bumbac aminteste de o dimineata de primavara devreme, cand natura se trezeste din somn si umple lumea cu culori stralucitoare. Creati o atmosfera delicata si de r\u0103sf\u0103\u021b, gratie parfumului de bumbac alb. Prezentare: odorizant pentru camera, 200ml, care vine insotit de 8 betisoare pentru o difuzie optima. Recomandam pozitionarea acestuia intr-un loc ferit de razele directe ale soarelui sau surse de caldura. Pentru un miros mai intens betisoarele se pot intoarce din cand in cand.","og_url":"https:\/\/www.essence-du-fragrance.ro\/en\/product\/fiori-di-cotone\/","og_site_name":"Essence du Fragrance","article_modified_time":"2026-03-10T20:05:34+00:00","og_image":[{"width":1707,"height":2560,"url":"https:\/\/www.essence-du-fragrance.ro\/wp-content\/uploads\/2023\/04\/089A2937-scaled.jpg","type":"image\/jpeg"}],"twitter_card":"summary_large_image","twitter_misc":{"Est. reading time":"1 minute"},"schema":{"@context":"https:\/\/schema.org","@graph":[{"@type":"WebPage","@id":"https:\/\/www.essence-du-fragrance.ro\/produs\/fiori-di-cotone\/","url":"https:\/\/www.essence-du-fragrance.ro\/produs\/fiori-di-cotone\/","name":"FIORI DI COTONE - Essence du Fragrance","isPartOf":{"@id":"https:\/\/www.essence-du-fragrance.ro\/#website"},"primaryImageOfPage":{"@id":"https:\/\/www.essence-du-fragrance.ro\/produs\/fiori-di-cotone\/#primaryimage"},"image":{"@id":"https:\/\/www.essence-du-fragrance.ro\/produs\/fiori-di-cotone\/#primaryimage"},"thumbnailUrl":"https:\/\/www.essence-du-fragrance.ro\/wp-content\/uploads\/2023\/04\/089A2937-scaled.jpg","datePublished":"2023-04-03T13:19:55+00:00","dateModified":"2026-03-10T20:05:34+00:00","breadcrumb":{"@id":"https:\/\/www.essence-du-fragrance.ro\/produs\/fiori-di-cotone\/#breadcrumb"},"inLanguage":"en-US","potentialAction":[{"@type":"ReadAction","target":["https:\/\/www.essence-du-fragrance.ro\/produs\/fiori-di-cotone\/"]}]},{"@type":"ImageObject","inLanguage":"en-US","@id":"https:\/\/www.essence-du-fragrance.ro\/produs\/fiori-di-cotone\/#primaryimage","url":"https:\/\/www.essence-du-fragrance.ro\/wp-content\/uploads\/2023\/04\/089A2937-scaled.jpg","contentUrl":"https:\/\/www.essence-du-fragrance.ro\/wp-content\/uploads\/2023\/04\/089A2937-scaled.jpg","width":1707,"height":2560},{"@type":"BreadcrumbList","@id":"https:\/\/www.essence-du-fragrance.ro\/produs\/fiori-di-cotone\/#breadcrumb","itemListElement":[{"@type":"ListItem","position":1,"name":"Prima pagin\u0103","item":"https:\/\/www.essence-du-fragrance.ro\/"},{"@type":"ListItem","position":2,"name":"Magazin","item":"https:\/\/www.essence-du-fragrance.ro\/magazin-parfumuri-exclusiviste-ambientale\/"},{"@type":"ListItem","position":3,"name":"FIORI DI COTONE"}]},{"@type":"WebSite","@id":"https:\/\/www.essence-du-fragrance.ro\/#website","url":"https:\/\/www.essence-du-fragrance.ro\/","name":"Essence du Fragrance","description":"Transform\u0103 orice \u00eenc\u0103pere \u00eentr-un paradis olfactiv cu Essence du Fragrance!","publisher":{"@id":"https:\/\/www.essence-du-fragrance.ro\/#organization"},"potentialAction":[{"@type":"SearchAction","target":{"@type":"EntryPoint","urlTemplate":"https:\/\/www.essence-du-fragrance.ro\/?s={search_term_string}"},"query-input":{"@type":"PropertyValueSpecification","valueRequired":true,"valueName":"search_term_string"}}],"inLanguage":"en-US"},{"@type":"Organization","@id":"https:\/\/www.essence-du-fragrance.ro\/#organization","name":"Essence du Fragrance","url":"https:\/\/www.essence-du-fragrance.ro\/","logo":{"@type":"ImageObject","inLanguage":"en-US","@id":"https:\/\/www.essence-du-fragrance.ro\/#\/schema\/logo\/image\/","url":"https:\/\/www.essence-du-fragrance.ro\/wp-content\/uploads\/2023\/03\/3-Favicon.png","contentUrl":"https:\/\/www.essence-du-fragrance.ro\/wp-content\/uploads\/2023\/03\/3-Favicon.png","width":1024,"height":1024,"caption":"Essence du Fragrance"},"image":{"@id":"https:\/\/www.essence-du-fragrance.ro\/#\/schema\/logo\/image\/"}}]}},"jetpack_sharing_enabled":true,"_links":{"self":[{"href":"https:\/\/www.essence-du-fragrance.ro\/en\/wp-json\/wp\/v2\/product\/8950","targetHints":{"allow":["GET"]}}],"collection":[{"href":"https:\/\/www.essence-du-fragrance.ro\/en\/wp-json\/wp\/v2\/product"}],"about":[{"href":"https:\/\/www.essence-du-fragrance.ro\/en\/wp-json\/wp\/v2\/types\/product"}],"version-history":[{"count":4,"href":"https:\/\/www.essence-du-fragrance.ro\/en\/wp-json\/wp\/v2\/product\/8950\/revisions"}],"predecessor-version":[{"id":9417,"href":"https:\/\/www.essence-du-fragrance.ro\/en\/wp-json\/wp\/v2\/product\/8950\/revisions\/9417"}],"wp:featuredmedia":[{"embeddable":true,"href":"https:\/\/www.essence-du-fragrance.ro\/en\/wp-json\/wp\/v2\/media\/9318"}],"wp:attachment":[{"href":"https:\/\/www.essence-du-fragrance.ro\/en\/wp-json\/wp\/v2\/media?parent=8950"}],"wp:term":[{"taxonomy":"product_brand","embeddable":true,"href":"https:\/\/www.essence-du-fragrance.ro\/en\/wp-json\/wp\/v2\/product_brand?post=8950"},{"taxonomy":"product_cat","embeddable":true,"href":"https:\/\/www.essence-du-fragrance.ro\/en\/wp-json\/wp\/v2\/product_cat?post=8950"},{"taxonomy":"product_tag","embeddable":true,"href":"https:\/\/www.essence-du-fragrance.ro\/en\/wp-json\/wp\/v2\/product_tag?post=8950"}],"curies":[{"name":"wp","href":"https:\/\/api.w.org\/{rel}","templated":true}]}}