{"id":8938,"date":"2023-04-03T11:09:31","date_gmt":"2023-04-03T11:09:31","guid":{"rendered":"https:\/\/www.essence-du-fragrance.ro\/?post_type=product&#038;p=8938"},"modified":"2025-11-09T17:20:53","modified_gmt":"2025-11-09T17:20:53","slug":"lavanda-melograno","status":"publish","type":"product","link":"https:\/\/www.essence-du-fragrance.ro\/en\/product\/lavanda-melograno\/","title":{"rendered":"POMEGRANATE LAVENDER"},"content":{"rendered":"","protected":false},"excerpt":{"rendered":"<p><strong>Acest parfum initial dezvaluie note de citrice iar notele echilibrante de mijloc reconfortante redau armonia si te transporta in campurile de lavanda, care isi elibereaza parfumul la rasarit dupa ce roua s-a evaporat magic. O combinatie surprinzatoare dar foarte fresh.<\/strong><\/p>\n<p class=\"p1\"><span class=\"s1\">Prezentare: odorizant pentru camera, 200ml, care vine insotit de 6 betisoare pentru o difuzie optima. Recomandam pozitionarea acestuia intr-un loc ferit de razele directe ale soarelui sau surse de caldura. Pentru un miros mai intens betisoarele se pot intoarce din cand in cand.<\/span><\/p>","protected":false},"featured_media":9340,"template":"","meta":[],"product_brand":[],"product_cat":[20],"product_tag":[90,91],"class_list":{"0":"post-8938","1":"product","2":"type-product","3":"status-publish","4":"has-post-thumbnail","6":"product_cat-home-fragrance","7":"product_tag-lavanda","8":"product_tag-rodie","10":"first","11":"outofstock","12":"shipping-taxable","13":"purchasable","14":"product-type-variable","15":"has-default-attributes"},"yoast_head":"<!-- This site is optimized with the Yoast SEO Premium plugin v20.4 (Yoast SEO v26.3) - https:\/\/yoast.com\/wordpress\/plugins\/seo\/ -->\n<title>LAVANDA MELOGRANO - Essence du Fragrance<\/title>\n<meta name=\"robots\" content=\"index, follow, max-snippet:-1, max-image-preview:large, max-video-preview:-1\" \/>\n<link rel=\"canonical\" href=\"https:\/\/www.essence-du-fragrance.ro\/en\/product\/lavanda-melograno\/\" \/>\n<meta property=\"og:locale\" content=\"en_US\" \/>\n<meta property=\"og:type\" content=\"article\" \/>\n<meta property=\"og:title\" content=\"LAVANDA MELOGRANO\" \/>\n<meta property=\"og:description\" content=\"Acest parfum initial dezvaluie note de citrice iar notele echilibrante de mijloc reconfortante redau armonia si te transporta in campurile de lavanda, care isi elibereaza parfumul la rasarit dupa ce roua s-a evaporat magic. O combinatie surprinzatoare dar foarte fresh. Prezentare: odorizant pentru camera, 200ml, care vine insotit de 6 betisoare pentru o difuzie optima. Recomandam pozitionarea acestuia intr-un loc ferit de razele directe ale soarelui sau surse de caldura. Pentru un miros mai intens betisoarele se pot intoarce din cand in cand.\" \/>\n<meta property=\"og:url\" content=\"https:\/\/www.essence-du-fragrance.ro\/en\/product\/lavanda-melograno\/\" \/>\n<meta property=\"og:site_name\" content=\"Essence du Fragrance\" \/>\n<meta property=\"article:modified_time\" content=\"2025-11-09T17:20:53+00:00\" \/>\n<meta property=\"og:image\" content=\"https:\/\/www.essence-du-fragrance.ro\/wp-content\/uploads\/2023\/04\/089A2932-2-scaled.jpg\" \/>\n\t<meta property=\"og:image:width\" content=\"1707\" \/>\n\t<meta property=\"og:image:height\" content=\"2560\" \/>\n\t<meta property=\"og:image:type\" content=\"image\/jpeg\" \/>\n<meta name=\"twitter:card\" content=\"summary_large_image\" \/>\n<meta name=\"twitter:label1\" content=\"Est. reading time\" \/>\n\t<meta name=\"twitter:data1\" content=\"1 minute\" \/>\n<script type=\"application\/ld+json\" class=\"yoast-schema-graph\">{\"@context\":\"https:\/\/schema.org\",\"@graph\":[{\"@type\":\"WebPage\",\"@id\":\"https:\/\/www.essence-du-fragrance.ro\/produs\/lavanda-melograno\/\",\"url\":\"https:\/\/www.essence-du-fragrance.ro\/produs\/lavanda-melograno\/\",\"name\":\"LAVANDA MELOGRANO - Essence du Fragrance\",\"isPartOf\":{\"@id\":\"https:\/\/www.essence-du-fragrance.ro\/#website\"},\"primaryImageOfPage\":{\"@id\":\"https:\/\/www.essence-du-fragrance.ro\/produs\/lavanda-melograno\/#primaryimage\"},\"image\":{\"@id\":\"https:\/\/www.essence-du-fragrance.ro\/produs\/lavanda-melograno\/#primaryimage\"},\"thumbnailUrl\":\"https:\/\/www.essence-du-fragrance.ro\/wp-content\/uploads\/2023\/04\/089A2932-2-scaled.jpg\",\"datePublished\":\"2023-04-03T11:09:31+00:00\",\"dateModified\":\"2025-11-09T17:20:53+00:00\",\"breadcrumb\":{\"@id\":\"https:\/\/www.essence-du-fragrance.ro\/produs\/lavanda-melograno\/#breadcrumb\"},\"inLanguage\":\"en-US\",\"potentialAction\":[{\"@type\":\"ReadAction\",\"target\":[\"https:\/\/www.essence-du-fragrance.ro\/produs\/lavanda-melograno\/\"]}]},{\"@type\":\"ImageObject\",\"inLanguage\":\"en-US\",\"@id\":\"https:\/\/www.essence-du-fragrance.ro\/produs\/lavanda-melograno\/#primaryimage\",\"url\":\"https:\/\/www.essence-du-fragrance.ro\/wp-content\/uploads\/2023\/04\/089A2932-2-scaled.jpg\",\"contentUrl\":\"https:\/\/www.essence-du-fragrance.ro\/wp-content\/uploads\/2023\/04\/089A2932-2-scaled.jpg\",\"width\":1707,\"height\":2560},{\"@type\":\"BreadcrumbList\",\"@id\":\"https:\/\/www.essence-du-fragrance.ro\/produs\/lavanda-melograno\/#breadcrumb\",\"itemListElement\":[{\"@type\":\"ListItem\",\"position\":1,\"name\":\"Prima pagin\u0103\",\"item\":\"https:\/\/www.essence-du-fragrance.ro\/\"},{\"@type\":\"ListItem\",\"position\":2,\"name\":\"Magazin\",\"item\":\"https:\/\/www.essence-du-fragrance.ro\/magazin-parfumuri-exclusiviste-ambientale\/\"},{\"@type\":\"ListItem\",\"position\":3,\"name\":\"LAVANDA MELOGRANO\"}]},{\"@type\":\"WebSite\",\"@id\":\"https:\/\/www.essence-du-fragrance.ro\/#website\",\"url\":\"https:\/\/www.essence-du-fragrance.ro\/\",\"name\":\"Essence du Fragrance\",\"description\":\"Transform\u0103 orice \u00eenc\u0103pere \u00eentr-un paradis olfactiv cu Essence du Fragrance!\",\"publisher\":{\"@id\":\"https:\/\/www.essence-du-fragrance.ro\/#organization\"},\"potentialAction\":[{\"@type\":\"SearchAction\",\"target\":{\"@type\":\"EntryPoint\",\"urlTemplate\":\"https:\/\/www.essence-du-fragrance.ro\/?s={search_term_string}\"},\"query-input\":{\"@type\":\"PropertyValueSpecification\",\"valueRequired\":true,\"valueName\":\"search_term_string\"}}],\"inLanguage\":\"en-US\"},{\"@type\":\"Organization\",\"@id\":\"https:\/\/www.essence-du-fragrance.ro\/#organization\",\"name\":\"Essence du Fragrance\",\"url\":\"https:\/\/www.essence-du-fragrance.ro\/\",\"logo\":{\"@type\":\"ImageObject\",\"inLanguage\":\"en-US\",\"@id\":\"https:\/\/www.essence-du-fragrance.ro\/#\/schema\/logo\/image\/\",\"url\":\"https:\/\/www.essence-du-fragrance.ro\/wp-content\/uploads\/2023\/03\/3-Favicon.png\",\"contentUrl\":\"https:\/\/www.essence-du-fragrance.ro\/wp-content\/uploads\/2023\/03\/3-Favicon.png\",\"width\":1024,\"height\":1024,\"caption\":\"Essence du Fragrance\"},\"image\":{\"@id\":\"https:\/\/www.essence-du-fragrance.ro\/#\/schema\/logo\/image\/\"}}]}<\/script>\n<!-- \/ Yoast SEO Premium plugin. -->","yoast_head_json":{"title":"LAVANDA MELOGRANO - Essence du Fragrance","robots":{"index":"index","follow":"follow","max-snippet":"max-snippet:-1","max-image-preview":"max-image-preview:large","max-video-preview":"max-video-preview:-1"},"canonical":"https:\/\/www.essence-du-fragrance.ro\/en\/product\/lavanda-melograno\/","og_locale":"en_US","og_type":"article","og_title":"LAVANDA MELOGRANO","og_description":"Acest parfum initial dezvaluie note de citrice iar notele echilibrante de mijloc reconfortante redau armonia si te transporta in campurile de lavanda, care isi elibereaza parfumul la rasarit dupa ce roua s-a evaporat magic. O combinatie surprinzatoare dar foarte fresh. Prezentare: odorizant pentru camera, 200ml, care vine insotit de 6 betisoare pentru o difuzie optima. Recomandam pozitionarea acestuia intr-un loc ferit de razele directe ale soarelui sau surse de caldura. Pentru un miros mai intens betisoarele se pot intoarce din cand in cand.","og_url":"https:\/\/www.essence-du-fragrance.ro\/en\/product\/lavanda-melograno\/","og_site_name":"Essence du Fragrance","article_modified_time":"2025-11-09T17:20:53+00:00","og_image":[{"width":1707,"height":2560,"url":"https:\/\/www.essence-du-fragrance.ro\/wp-content\/uploads\/2023\/04\/089A2932-2-scaled.jpg","type":"image\/jpeg"}],"twitter_card":"summary_large_image","twitter_misc":{"Est. reading time":"1 minute"},"schema":{"@context":"https:\/\/schema.org","@graph":[{"@type":"WebPage","@id":"https:\/\/www.essence-du-fragrance.ro\/produs\/lavanda-melograno\/","url":"https:\/\/www.essence-du-fragrance.ro\/produs\/lavanda-melograno\/","name":"LAVANDA MELOGRANO - Essence du Fragrance","isPartOf":{"@id":"https:\/\/www.essence-du-fragrance.ro\/#website"},"primaryImageOfPage":{"@id":"https:\/\/www.essence-du-fragrance.ro\/produs\/lavanda-melograno\/#primaryimage"},"image":{"@id":"https:\/\/www.essence-du-fragrance.ro\/produs\/lavanda-melograno\/#primaryimage"},"thumbnailUrl":"https:\/\/www.essence-du-fragrance.ro\/wp-content\/uploads\/2023\/04\/089A2932-2-scaled.jpg","datePublished":"2023-04-03T11:09:31+00:00","dateModified":"2025-11-09T17:20:53+00:00","breadcrumb":{"@id":"https:\/\/www.essence-du-fragrance.ro\/produs\/lavanda-melograno\/#breadcrumb"},"inLanguage":"en-US","potentialAction":[{"@type":"ReadAction","target":["https:\/\/www.essence-du-fragrance.ro\/produs\/lavanda-melograno\/"]}]},{"@type":"ImageObject","inLanguage":"en-US","@id":"https:\/\/www.essence-du-fragrance.ro\/produs\/lavanda-melograno\/#primaryimage","url":"https:\/\/www.essence-du-fragrance.ro\/wp-content\/uploads\/2023\/04\/089A2932-2-scaled.jpg","contentUrl":"https:\/\/www.essence-du-fragrance.ro\/wp-content\/uploads\/2023\/04\/089A2932-2-scaled.jpg","width":1707,"height":2560},{"@type":"BreadcrumbList","@id":"https:\/\/www.essence-du-fragrance.ro\/produs\/lavanda-melograno\/#breadcrumb","itemListElement":[{"@type":"ListItem","position":1,"name":"Prima pagin\u0103","item":"https:\/\/www.essence-du-fragrance.ro\/"},{"@type":"ListItem","position":2,"name":"Magazin","item":"https:\/\/www.essence-du-fragrance.ro\/magazin-parfumuri-exclusiviste-ambientale\/"},{"@type":"ListItem","position":3,"name":"LAVANDA MELOGRANO"}]},{"@type":"WebSite","@id":"https:\/\/www.essence-du-fragrance.ro\/#website","url":"https:\/\/www.essence-du-fragrance.ro\/","name":"Essence du Fragrance","description":"Transform\u0103 orice \u00eenc\u0103pere \u00eentr-un paradis olfactiv cu Essence du Fragrance!","publisher":{"@id":"https:\/\/www.essence-du-fragrance.ro\/#organization"},"potentialAction":[{"@type":"SearchAction","target":{"@type":"EntryPoint","urlTemplate":"https:\/\/www.essence-du-fragrance.ro\/?s={search_term_string}"},"query-input":{"@type":"PropertyValueSpecification","valueRequired":true,"valueName":"search_term_string"}}],"inLanguage":"en-US"},{"@type":"Organization","@id":"https:\/\/www.essence-du-fragrance.ro\/#organization","name":"Essence du Fragrance","url":"https:\/\/www.essence-du-fragrance.ro\/","logo":{"@type":"ImageObject","inLanguage":"en-US","@id":"https:\/\/www.essence-du-fragrance.ro\/#\/schema\/logo\/image\/","url":"https:\/\/www.essence-du-fragrance.ro\/wp-content\/uploads\/2023\/03\/3-Favicon.png","contentUrl":"https:\/\/www.essence-du-fragrance.ro\/wp-content\/uploads\/2023\/03\/3-Favicon.png","width":1024,"height":1024,"caption":"Essence du Fragrance"},"image":{"@id":"https:\/\/www.essence-du-fragrance.ro\/#\/schema\/logo\/image\/"}}]}},"jetpack_sharing_enabled":true,"_links":{"self":[{"href":"https:\/\/www.essence-du-fragrance.ro\/en\/wp-json\/wp\/v2\/product\/8938","targetHints":{"allow":["GET"]}}],"collection":[{"href":"https:\/\/www.essence-du-fragrance.ro\/en\/wp-json\/wp\/v2\/product"}],"about":[{"href":"https:\/\/www.essence-du-fragrance.ro\/en\/wp-json\/wp\/v2\/types\/product"}],"version-history":[{"count":5,"href":"https:\/\/www.essence-du-fragrance.ro\/en\/wp-json\/wp\/v2\/product\/8938\/revisions"}],"predecessor-version":[{"id":9903,"href":"https:\/\/www.essence-du-fragrance.ro\/en\/wp-json\/wp\/v2\/product\/8938\/revisions\/9903"}],"wp:featuredmedia":[{"embeddable":true,"href":"https:\/\/www.essence-du-fragrance.ro\/en\/wp-json\/wp\/v2\/media\/9340"}],"wp:attachment":[{"href":"https:\/\/www.essence-du-fragrance.ro\/en\/wp-json\/wp\/v2\/media?parent=8938"}],"wp:term":[{"taxonomy":"product_brand","embeddable":true,"href":"https:\/\/www.essence-du-fragrance.ro\/en\/wp-json\/wp\/v2\/product_brand?post=8938"},{"taxonomy":"product_cat","embeddable":true,"href":"https:\/\/www.essence-du-fragrance.ro\/en\/wp-json\/wp\/v2\/product_cat?post=8938"},{"taxonomy":"product_tag","embeddable":true,"href":"https:\/\/www.essence-du-fragrance.ro\/en\/wp-json\/wp\/v2\/product_tag?post=8938"}],"curies":[{"name":"wp","href":"https:\/\/api.w.org\/{rel}","templated":true}]}}