{"id":10320,"date":"2026-03-18T09:40:23","date_gmt":"2026-03-18T09:40:23","guid":{"rendered":"https:\/\/www.essence-du-fragrance.ro\/?post_type=product&#038;p=10320"},"modified":"2026-03-18T17:29:04","modified_gmt":"2026-03-18T17:29:04","slug":"papavero-spring-gift-box","status":"publish","type":"product","link":"https:\/\/www.essence-du-fragrance.ro\/en\/product\/papavero-spring-gift-box\/","title":{"rendered":"PAPAVERO SPRING GIFT BOX"},"content":{"rendered":"","protected":false},"excerpt":{"rendered":"<p><span style=\"font-family: -webkit-standard;font-size: medium;font-style: normal;font-weight: 400;letter-spacing: normal;text-align: start;text-indent: 0px;text-transform: none;text-decoration: none;float: none\"><strong>Parfumul de camer\u0103 cu floare de mac \u0219i bambus \u00eembin\u0103 delicate\u021bea floral\u0103, u\u0219or pudrat\u0103, a macului cu prospe\u021bimea verde \u0219i curat\u0103 a bambusului. Aroma este fin\u0103 \u0219i aerisit\u0103, cu note proaspete \u0219i luminoase, care aduc o senza\u021bie de lini\u0219te \u0219i naturale\u021be. Ideal pentru a crea un spa\u021biu calm, armonios \u0219i elegant, inspirat de puritatea naturii.<\/strong><\/span><\/p>\n<p>Cutia cadou contine: doua odorizante de camera Papavero 200ml respectiv 500ml.<\/p>","protected":false},"featured_media":10325,"template":"","meta":[],"product_brand":[],"product_cat":[20],"product_tag":[],"class_list":{"0":"post-10320","1":"product","2":"type-product","3":"status-publish","4":"has-post-thumbnail","6":"product_cat-home-fragrance","8":"first","9":"instock","10":"shipping-taxable","11":"purchasable","12":"product-type-simple"},"yoast_head":"<!-- This site is optimized with the Yoast SEO Premium plugin v20.4 (Yoast SEO v26.3) - https:\/\/yoast.com\/wordpress\/plugins\/seo\/ -->\n<title>PAPAVERO SPRING GIFT BOX - Essence du Fragrance<\/title>\n<meta name=\"robots\" content=\"index, follow, max-snippet:-1, max-image-preview:large, max-video-preview:-1\" \/>\n<link rel=\"canonical\" href=\"https:\/\/www.essence-du-fragrance.ro\/en\/product\/papavero-spring-gift-box\/\" \/>\n<meta property=\"og:locale\" content=\"en_US\" \/>\n<meta property=\"og:type\" content=\"article\" \/>\n<meta property=\"og:title\" content=\"PAPAVERO SPRING GIFT BOX\" \/>\n<meta property=\"og:description\" content=\"Parfumul de camer\u0103 cu floare de mac \u0219i bambus \u00eembin\u0103 delicate\u021bea floral\u0103, u\u0219or pudrat\u0103, a macului cu prospe\u021bimea verde \u0219i curat\u0103 a bambusului. Aroma este fin\u0103 \u0219i aerisit\u0103, cu note proaspete \u0219i luminoase, care aduc o senza\u021bie de lini\u0219te \u0219i naturale\u021be. Ideal pentru a crea un spa\u021biu calm, armonios \u0219i elegant, inspirat de puritatea naturii. Cutia cadou contine: doua odorizante de camera Papavero 200ml respectiv 500ml.\" \/>\n<meta property=\"og:url\" content=\"https:\/\/www.essence-du-fragrance.ro\/en\/product\/papavero-spring-gift-box\/\" \/>\n<meta property=\"og:site_name\" content=\"Essence du Fragrance\" \/>\n<meta property=\"article:modified_time\" content=\"2026-03-18T17:29:04+00:00\" \/>\n<meta property=\"og:image\" content=\"https:\/\/www.essence-du-fragrance.ro\/wp-content\/uploads\/2026\/03\/img_7073-1-scaled.jpeg\" \/>\n\t<meta property=\"og:image:width\" content=\"2560\" \/>\n\t<meta property=\"og:image:height\" content=\"2560\" \/>\n\t<meta property=\"og:image:type\" content=\"image\/jpeg\" \/>\n<meta name=\"twitter:card\" content=\"summary_large_image\" \/>\n<script type=\"application\/ld+json\" class=\"yoast-schema-graph\">{\"@context\":\"https:\/\/schema.org\",\"@graph\":[{\"@type\":\"WebPage\",\"@id\":\"https:\/\/www.essence-du-fragrance.ro\/produs\/papavero-spring-gift-box\/\",\"url\":\"https:\/\/www.essence-du-fragrance.ro\/produs\/papavero-spring-gift-box\/\",\"name\":\"PAPAVERO SPRING GIFT BOX - Essence du Fragrance\",\"isPartOf\":{\"@id\":\"https:\/\/www.essence-du-fragrance.ro\/#website\"},\"primaryImageOfPage\":{\"@id\":\"https:\/\/www.essence-du-fragrance.ro\/produs\/papavero-spring-gift-box\/#primaryimage\"},\"image\":{\"@id\":\"https:\/\/www.essence-du-fragrance.ro\/produs\/papavero-spring-gift-box\/#primaryimage\"},\"thumbnailUrl\":\"https:\/\/www.essence-du-fragrance.ro\/wp-content\/uploads\/2026\/03\/img_7073-scaled.jpeg\",\"datePublished\":\"2026-03-18T09:40:23+00:00\",\"dateModified\":\"2026-03-18T17:29:04+00:00\",\"breadcrumb\":{\"@id\":\"https:\/\/www.essence-du-fragrance.ro\/produs\/papavero-spring-gift-box\/#breadcrumb\"},\"inLanguage\":\"en-US\",\"potentialAction\":[{\"@type\":\"ReadAction\",\"target\":[\"https:\/\/www.essence-du-fragrance.ro\/produs\/papavero-spring-gift-box\/\"]}]},{\"@type\":\"ImageObject\",\"inLanguage\":\"en-US\",\"@id\":\"https:\/\/www.essence-du-fragrance.ro\/produs\/papavero-spring-gift-box\/#primaryimage\",\"url\":\"https:\/\/www.essence-du-fragrance.ro\/wp-content\/uploads\/2026\/03\/img_7073-scaled.jpeg\",\"contentUrl\":\"https:\/\/www.essence-du-fragrance.ro\/wp-content\/uploads\/2026\/03\/img_7073-scaled.jpeg\",\"width\":2560,\"height\":1705},{\"@type\":\"BreadcrumbList\",\"@id\":\"https:\/\/www.essence-du-fragrance.ro\/produs\/papavero-spring-gift-box\/#breadcrumb\",\"itemListElement\":[{\"@type\":\"ListItem\",\"position\":1,\"name\":\"Prima pagin\u0103\",\"item\":\"https:\/\/www.essence-du-fragrance.ro\/\"},{\"@type\":\"ListItem\",\"position\":2,\"name\":\"Magazin\",\"item\":\"https:\/\/www.essence-du-fragrance.ro\/magazin-parfumuri-exclusiviste-ambientale\/\"},{\"@type\":\"ListItem\",\"position\":3,\"name\":\"PAPAVERO SPRING GIFT BOX\"}]},{\"@type\":\"WebSite\",\"@id\":\"https:\/\/www.essence-du-fragrance.ro\/#website\",\"url\":\"https:\/\/www.essence-du-fragrance.ro\/\",\"name\":\"Essence du Fragrance\",\"description\":\"Transform\u0103 orice \u00eenc\u0103pere \u00eentr-un paradis olfactiv cu Essence du Fragrance!\",\"publisher\":{\"@id\":\"https:\/\/www.essence-du-fragrance.ro\/#organization\"},\"potentialAction\":[{\"@type\":\"SearchAction\",\"target\":{\"@type\":\"EntryPoint\",\"urlTemplate\":\"https:\/\/www.essence-du-fragrance.ro\/?s={search_term_string}\"},\"query-input\":{\"@type\":\"PropertyValueSpecification\",\"valueRequired\":true,\"valueName\":\"search_term_string\"}}],\"inLanguage\":\"en-US\"},{\"@type\":\"Organization\",\"@id\":\"https:\/\/www.essence-du-fragrance.ro\/#organization\",\"name\":\"Essence du Fragrance\",\"url\":\"https:\/\/www.essence-du-fragrance.ro\/\",\"logo\":{\"@type\":\"ImageObject\",\"inLanguage\":\"en-US\",\"@id\":\"https:\/\/www.essence-du-fragrance.ro\/#\/schema\/logo\/image\/\",\"url\":\"https:\/\/www.essence-du-fragrance.ro\/wp-content\/uploads\/2023\/03\/3-Favicon.png\",\"contentUrl\":\"https:\/\/www.essence-du-fragrance.ro\/wp-content\/uploads\/2023\/03\/3-Favicon.png\",\"width\":1024,\"height\":1024,\"caption\":\"Essence du Fragrance\"},\"image\":{\"@id\":\"https:\/\/www.essence-du-fragrance.ro\/#\/schema\/logo\/image\/\"}}]}<\/script>\n<!-- \/ Yoast SEO Premium plugin. -->","yoast_head_json":{"title":"PAPAVERO SPRING GIFT BOX - Essence du Fragrance","robots":{"index":"index","follow":"follow","max-snippet":"max-snippet:-1","max-image-preview":"max-image-preview:large","max-video-preview":"max-video-preview:-1"},"canonical":"https:\/\/www.essence-du-fragrance.ro\/en\/product\/papavero-spring-gift-box\/","og_locale":"en_US","og_type":"article","og_title":"PAPAVERO SPRING GIFT BOX","og_description":"Parfumul de camer\u0103 cu floare de mac \u0219i bambus \u00eembin\u0103 delicate\u021bea floral\u0103, u\u0219or pudrat\u0103, a macului cu prospe\u021bimea verde \u0219i curat\u0103 a bambusului. Aroma este fin\u0103 \u0219i aerisit\u0103, cu note proaspete \u0219i luminoase, care aduc o senza\u021bie de lini\u0219te \u0219i naturale\u021be. Ideal pentru a crea un spa\u021biu calm, armonios \u0219i elegant, inspirat de puritatea naturii. Cutia cadou contine: doua odorizante de camera Papavero 200ml respectiv 500ml.","og_url":"https:\/\/www.essence-du-fragrance.ro\/en\/product\/papavero-spring-gift-box\/","og_site_name":"Essence du Fragrance","article_modified_time":"2026-03-18T17:29:04+00:00","og_image":[{"width":2560,"height":2560,"url":"https:\/\/www.essence-du-fragrance.ro\/wp-content\/uploads\/2026\/03\/img_7073-1-scaled.jpeg","type":"image\/jpeg"}],"twitter_card":"summary_large_image","schema":{"@context":"https:\/\/schema.org","@graph":[{"@type":"WebPage","@id":"https:\/\/www.essence-du-fragrance.ro\/produs\/papavero-spring-gift-box\/","url":"https:\/\/www.essence-du-fragrance.ro\/produs\/papavero-spring-gift-box\/","name":"PAPAVERO SPRING GIFT BOX - Essence du Fragrance","isPartOf":{"@id":"https:\/\/www.essence-du-fragrance.ro\/#website"},"primaryImageOfPage":{"@id":"https:\/\/www.essence-du-fragrance.ro\/produs\/papavero-spring-gift-box\/#primaryimage"},"image":{"@id":"https:\/\/www.essence-du-fragrance.ro\/produs\/papavero-spring-gift-box\/#primaryimage"},"thumbnailUrl":"https:\/\/www.essence-du-fragrance.ro\/wp-content\/uploads\/2026\/03\/img_7073-scaled.jpeg","datePublished":"2026-03-18T09:40:23+00:00","dateModified":"2026-03-18T17:29:04+00:00","breadcrumb":{"@id":"https:\/\/www.essence-du-fragrance.ro\/produs\/papavero-spring-gift-box\/#breadcrumb"},"inLanguage":"en-US","potentialAction":[{"@type":"ReadAction","target":["https:\/\/www.essence-du-fragrance.ro\/produs\/papavero-spring-gift-box\/"]}]},{"@type":"ImageObject","inLanguage":"en-US","@id":"https:\/\/www.essence-du-fragrance.ro\/produs\/papavero-spring-gift-box\/#primaryimage","url":"https:\/\/www.essence-du-fragrance.ro\/wp-content\/uploads\/2026\/03\/img_7073-scaled.jpeg","contentUrl":"https:\/\/www.essence-du-fragrance.ro\/wp-content\/uploads\/2026\/03\/img_7073-scaled.jpeg","width":2560,"height":1705},{"@type":"BreadcrumbList","@id":"https:\/\/www.essence-du-fragrance.ro\/produs\/papavero-spring-gift-box\/#breadcrumb","itemListElement":[{"@type":"ListItem","position":1,"name":"Prima pagin\u0103","item":"https:\/\/www.essence-du-fragrance.ro\/"},{"@type":"ListItem","position":2,"name":"Magazin","item":"https:\/\/www.essence-du-fragrance.ro\/magazin-parfumuri-exclusiviste-ambientale\/"},{"@type":"ListItem","position":3,"name":"PAPAVERO SPRING GIFT BOX"}]},{"@type":"WebSite","@id":"https:\/\/www.essence-du-fragrance.ro\/#website","url":"https:\/\/www.essence-du-fragrance.ro\/","name":"Essence du Fragrance","description":"Transform\u0103 orice \u00eenc\u0103pere \u00eentr-un paradis olfactiv cu Essence du Fragrance!","publisher":{"@id":"https:\/\/www.essence-du-fragrance.ro\/#organization"},"potentialAction":[{"@type":"SearchAction","target":{"@type":"EntryPoint","urlTemplate":"https:\/\/www.essence-du-fragrance.ro\/?s={search_term_string}"},"query-input":{"@type":"PropertyValueSpecification","valueRequired":true,"valueName":"search_term_string"}}],"inLanguage":"en-US"},{"@type":"Organization","@id":"https:\/\/www.essence-du-fragrance.ro\/#organization","name":"Essence du Fragrance","url":"https:\/\/www.essence-du-fragrance.ro\/","logo":{"@type":"ImageObject","inLanguage":"en-US","@id":"https:\/\/www.essence-du-fragrance.ro\/#\/schema\/logo\/image\/","url":"https:\/\/www.essence-du-fragrance.ro\/wp-content\/uploads\/2023\/03\/3-Favicon.png","contentUrl":"https:\/\/www.essence-du-fragrance.ro\/wp-content\/uploads\/2023\/03\/3-Favicon.png","width":1024,"height":1024,"caption":"Essence du Fragrance"},"image":{"@id":"https:\/\/www.essence-du-fragrance.ro\/#\/schema\/logo\/image\/"}}]}},"jetpack_sharing_enabled":true,"_links":{"self":[{"href":"https:\/\/www.essence-du-fragrance.ro\/en\/wp-json\/wp\/v2\/product\/10320","targetHints":{"allow":["GET"]}}],"collection":[{"href":"https:\/\/www.essence-du-fragrance.ro\/en\/wp-json\/wp\/v2\/product"}],"about":[{"href":"https:\/\/www.essence-du-fragrance.ro\/en\/wp-json\/wp\/v2\/types\/product"}],"version-history":[{"count":1,"href":"https:\/\/www.essence-du-fragrance.ro\/en\/wp-json\/wp\/v2\/product\/10320\/revisions"}],"predecessor-version":[{"id":10321,"href":"https:\/\/www.essence-du-fragrance.ro\/en\/wp-json\/wp\/v2\/product\/10320\/revisions\/10321"}],"wp:featuredmedia":[{"embeddable":true,"href":"https:\/\/www.essence-du-fragrance.ro\/en\/wp-json\/wp\/v2\/media\/10325"}],"wp:attachment":[{"href":"https:\/\/www.essence-du-fragrance.ro\/en\/wp-json\/wp\/v2\/media?parent=10320"}],"wp:term":[{"taxonomy":"product_brand","embeddable":true,"href":"https:\/\/www.essence-du-fragrance.ro\/en\/wp-json\/wp\/v2\/product_brand?post=10320"},{"taxonomy":"product_cat","embeddable":true,"href":"https:\/\/www.essence-du-fragrance.ro\/en\/wp-json\/wp\/v2\/product_cat?post=10320"},{"taxonomy":"product_tag","embeddable":true,"href":"https:\/\/www.essence-du-fragrance.ro\/en\/wp-json\/wp\/v2\/product_tag?post=10320"}],"curies":[{"name":"wp","href":"https:\/\/api.w.org\/{rel}","templated":true}]}}