{"id":10255,"date":"2026-02-04T20:41:04","date_gmt":"2026-02-04T20:41:04","guid":{"rendered":"https:\/\/www.essence-du-fragrance.ro\/?post_type=product&#038;p=10255"},"modified":"2026-03-18T14:02:54","modified_gmt":"2026-03-18T14:02:54","slug":"amour-rosa-amalfitana","status":"publish","type":"product","link":"https:\/\/www.essence-du-fragrance.ro\/en\/product\/amour-rosa-amalfitana\/","title":{"rendered":"ROSA AMALFITANA"},"content":{"rendered":"","protected":false},"excerpt":{"rendered":"<p><span style=\"font-family: -webkit-standard;font-size: medium;font-style: normal;font-weight: 400;letter-spacing: normal;text-align: start;text-indent: 0px;text-transform: none;text-decoration: none;float: none\"><strong>Parfumul de camer\u0103 cu trandafir amalfitan dezv\u0103luie o arom\u0103 floral\u0103 rafinat\u0103, proasp\u0103t\u0103 \u0219i luminoas\u0103, inspirat\u0103 de gr\u0103dinile sc\u0103ldate \u00een soare de pe Coasta Amalfi. Notele catifelate de trandafir se \u00eempletesc cu accente u\u0219or citrice \u0219i aerate, cre\u00e2nd un parfum delicat, romantic \u0219i sofisticat, care umple spa\u021biul cu elegan\u021b\u0103 \u0219i o stare de bine.<\/strong><\/span><\/p>\n<p class=\"p1\"><span class=\"s1\">Prezentare: odorizant pentru camera, 200ml\/500ml care vine insotit de 6, respectiv 10 betisoare pentru o difuzie optima. Recomandam pozitionarea acestuia intr-un loc ferit de razele directe ale soarelui sau surse de caldura. Pentru un miros mai intens betisoarele se pot intoarce din cand in cand.<\/span><\/p>","protected":false},"featured_media":10290,"template":"","meta":[],"product_brand":[],"product_cat":[20],"product_tag":[],"class_list":{"0":"post-10255","1":"product","2":"type-product","3":"status-publish","4":"has-post-thumbnail","6":"product_cat-home-fragrance","8":"first","9":"instock","10":"shipping-taxable","11":"purchasable","12":"product-type-variable","13":"has-default-attributes"},"yoast_head":"<!-- This site is optimized with the Yoast SEO Premium plugin v20.4 (Yoast SEO v26.3) - https:\/\/yoast.com\/wordpress\/plugins\/seo\/ -->\n<title>ROSA AMALFITANA - Essence du Fragrance<\/title>\n<meta name=\"robots\" content=\"index, follow, max-snippet:-1, max-image-preview:large, max-video-preview:-1\" \/>\n<link rel=\"canonical\" href=\"https:\/\/www.essence-du-fragrance.ro\/en\/product\/amour-rosa-amalfitana\/\" \/>\n<meta property=\"og:locale\" content=\"en_US\" \/>\n<meta property=\"og:type\" content=\"article\" \/>\n<meta property=\"og:title\" content=\"ROSA AMALFITANA\" \/>\n<meta property=\"og:description\" content=\"Parfumul de camer\u0103 cu trandafir amalfitan dezv\u0103luie o arom\u0103 floral\u0103 rafinat\u0103, proasp\u0103t\u0103 \u0219i luminoas\u0103, inspirat\u0103 de gr\u0103dinile sc\u0103ldate \u00een soare de pe Coasta Amalfi. Notele catifelate de trandafir se \u00eempletesc cu accente u\u0219or citrice \u0219i aerate, cre\u00e2nd un parfum delicat, romantic \u0219i sofisticat, care umple spa\u021biul cu elegan\u021b\u0103 \u0219i o stare de bine. Prezentare: odorizant pentru camera, 200ml\/500ml care vine insotit de 6, respectiv 10 betisoare pentru o difuzie optima. Recomandam pozitionarea acestuia intr-un loc ferit de razele directe ale soarelui sau surse de caldura. Pentru un miros mai intens betisoarele se pot intoarce din cand in cand.\" \/>\n<meta property=\"og:url\" content=\"https:\/\/www.essence-du-fragrance.ro\/en\/product\/amour-rosa-amalfitana\/\" \/>\n<meta property=\"og:site_name\" content=\"Essence du Fragrance\" \/>\n<meta property=\"article:modified_time\" content=\"2026-03-18T14:02:54+00:00\" \/>\n<meta property=\"og:image\" content=\"https:\/\/www.essence-du-fragrance.ro\/wp-content\/uploads\/2026\/02\/img_2895-1-scaled.jpeg\" \/>\n\t<meta property=\"og:image:width\" content=\"1707\" \/>\n\t<meta property=\"og:image:height\" content=\"2560\" \/>\n\t<meta property=\"og:image:type\" content=\"image\/jpeg\" \/>\n<meta name=\"twitter:card\" content=\"summary_large_image\" \/>\n<script type=\"application\/ld+json\" class=\"yoast-schema-graph\">{\"@context\":\"https:\/\/schema.org\",\"@graph\":[{\"@type\":\"WebPage\",\"@id\":\"https:\/\/www.essence-du-fragrance.ro\/produs\/amour-rosa-amalfitana\/\",\"url\":\"https:\/\/www.essence-du-fragrance.ro\/produs\/amour-rosa-amalfitana\/\",\"name\":\"ROSA AMALFITANA - Essence du Fragrance\",\"isPartOf\":{\"@id\":\"https:\/\/www.essence-du-fragrance.ro\/#website\"},\"primaryImageOfPage\":{\"@id\":\"https:\/\/www.essence-du-fragrance.ro\/produs\/amour-rosa-amalfitana\/#primaryimage\"},\"image\":{\"@id\":\"https:\/\/www.essence-du-fragrance.ro\/produs\/amour-rosa-amalfitana\/#primaryimage\"},\"thumbnailUrl\":\"https:\/\/www.essence-du-fragrance.ro\/wp-content\/uploads\/2026\/02\/img_2895-2-scaled.jpeg\",\"datePublished\":\"2026-02-04T20:41:04+00:00\",\"dateModified\":\"2026-03-18T14:02:54+00:00\",\"breadcrumb\":{\"@id\":\"https:\/\/www.essence-du-fragrance.ro\/produs\/amour-rosa-amalfitana\/#breadcrumb\"},\"inLanguage\":\"en-US\",\"potentialAction\":[{\"@type\":\"ReadAction\",\"target\":[\"https:\/\/www.essence-du-fragrance.ro\/produs\/amour-rosa-amalfitana\/\"]}]},{\"@type\":\"ImageObject\",\"inLanguage\":\"en-US\",\"@id\":\"https:\/\/www.essence-du-fragrance.ro\/produs\/amour-rosa-amalfitana\/#primaryimage\",\"url\":\"https:\/\/www.essence-du-fragrance.ro\/wp-content\/uploads\/2026\/02\/img_2895-2-scaled.jpeg\",\"contentUrl\":\"https:\/\/www.essence-du-fragrance.ro\/wp-content\/uploads\/2026\/02\/img_2895-2-scaled.jpeg\",\"width\":1707,\"height\":2560},{\"@type\":\"BreadcrumbList\",\"@id\":\"https:\/\/www.essence-du-fragrance.ro\/produs\/amour-rosa-amalfitana\/#breadcrumb\",\"itemListElement\":[{\"@type\":\"ListItem\",\"position\":1,\"name\":\"Prima pagin\u0103\",\"item\":\"https:\/\/www.essence-du-fragrance.ro\/\"},{\"@type\":\"ListItem\",\"position\":2,\"name\":\"Magazin\",\"item\":\"https:\/\/www.essence-du-fragrance.ro\/magazin-parfumuri-exclusiviste-ambientale\/\"},{\"@type\":\"ListItem\",\"position\":3,\"name\":\"ROSA AMALFITANA\"}]},{\"@type\":\"WebSite\",\"@id\":\"https:\/\/www.essence-du-fragrance.ro\/#website\",\"url\":\"https:\/\/www.essence-du-fragrance.ro\/\",\"name\":\"Essence du Fragrance\",\"description\":\"Transform\u0103 orice \u00eenc\u0103pere \u00eentr-un paradis olfactiv cu Essence du Fragrance!\",\"publisher\":{\"@id\":\"https:\/\/www.essence-du-fragrance.ro\/#organization\"},\"potentialAction\":[{\"@type\":\"SearchAction\",\"target\":{\"@type\":\"EntryPoint\",\"urlTemplate\":\"https:\/\/www.essence-du-fragrance.ro\/?s={search_term_string}\"},\"query-input\":{\"@type\":\"PropertyValueSpecification\",\"valueRequired\":true,\"valueName\":\"search_term_string\"}}],\"inLanguage\":\"en-US\"},{\"@type\":\"Organization\",\"@id\":\"https:\/\/www.essence-du-fragrance.ro\/#organization\",\"name\":\"Essence du Fragrance\",\"url\":\"https:\/\/www.essence-du-fragrance.ro\/\",\"logo\":{\"@type\":\"ImageObject\",\"inLanguage\":\"en-US\",\"@id\":\"https:\/\/www.essence-du-fragrance.ro\/#\/schema\/logo\/image\/\",\"url\":\"https:\/\/www.essence-du-fragrance.ro\/wp-content\/uploads\/2023\/03\/3-Favicon.png\",\"contentUrl\":\"https:\/\/www.essence-du-fragrance.ro\/wp-content\/uploads\/2023\/03\/3-Favicon.png\",\"width\":1024,\"height\":1024,\"caption\":\"Essence du Fragrance\"},\"image\":{\"@id\":\"https:\/\/www.essence-du-fragrance.ro\/#\/schema\/logo\/image\/\"}}]}<\/script>\n<!-- \/ Yoast SEO Premium plugin. -->","yoast_head_json":{"title":"ROSA AMALFITANA - Essence du Fragrance","robots":{"index":"index","follow":"follow","max-snippet":"max-snippet:-1","max-image-preview":"max-image-preview:large","max-video-preview":"max-video-preview:-1"},"canonical":"https:\/\/www.essence-du-fragrance.ro\/en\/product\/amour-rosa-amalfitana\/","og_locale":"en_US","og_type":"article","og_title":"ROSA AMALFITANA","og_description":"Parfumul de camer\u0103 cu trandafir amalfitan dezv\u0103luie o arom\u0103 floral\u0103 rafinat\u0103, proasp\u0103t\u0103 \u0219i luminoas\u0103, inspirat\u0103 de gr\u0103dinile sc\u0103ldate \u00een soare de pe Coasta Amalfi. Notele catifelate de trandafir se \u00eempletesc cu accente u\u0219or citrice \u0219i aerate, cre\u00e2nd un parfum delicat, romantic \u0219i sofisticat, care umple spa\u021biul cu elegan\u021b\u0103 \u0219i o stare de bine. Prezentare: odorizant pentru camera, 200ml\/500ml care vine insotit de 6, respectiv 10 betisoare pentru o difuzie optima. Recomandam pozitionarea acestuia intr-un loc ferit de razele directe ale soarelui sau surse de caldura. Pentru un miros mai intens betisoarele se pot intoarce din cand in cand.","og_url":"https:\/\/www.essence-du-fragrance.ro\/en\/product\/amour-rosa-amalfitana\/","og_site_name":"Essence du Fragrance","article_modified_time":"2026-03-18T14:02:54+00:00","og_image":[{"width":1707,"height":2560,"url":"https:\/\/www.essence-du-fragrance.ro\/wp-content\/uploads\/2026\/02\/img_2895-1-scaled.jpeg","type":"image\/jpeg"}],"twitter_card":"summary_large_image","schema":{"@context":"https:\/\/schema.org","@graph":[{"@type":"WebPage","@id":"https:\/\/www.essence-du-fragrance.ro\/produs\/amour-rosa-amalfitana\/","url":"https:\/\/www.essence-du-fragrance.ro\/produs\/amour-rosa-amalfitana\/","name":"ROSA AMALFITANA - Essence du Fragrance","isPartOf":{"@id":"https:\/\/www.essence-du-fragrance.ro\/#website"},"primaryImageOfPage":{"@id":"https:\/\/www.essence-du-fragrance.ro\/produs\/amour-rosa-amalfitana\/#primaryimage"},"image":{"@id":"https:\/\/www.essence-du-fragrance.ro\/produs\/amour-rosa-amalfitana\/#primaryimage"},"thumbnailUrl":"https:\/\/www.essence-du-fragrance.ro\/wp-content\/uploads\/2026\/02\/img_2895-2-scaled.jpeg","datePublished":"2026-02-04T20:41:04+00:00","dateModified":"2026-03-18T14:02:54+00:00","breadcrumb":{"@id":"https:\/\/www.essence-du-fragrance.ro\/produs\/amour-rosa-amalfitana\/#breadcrumb"},"inLanguage":"en-US","potentialAction":[{"@type":"ReadAction","target":["https:\/\/www.essence-du-fragrance.ro\/produs\/amour-rosa-amalfitana\/"]}]},{"@type":"ImageObject","inLanguage":"en-US","@id":"https:\/\/www.essence-du-fragrance.ro\/produs\/amour-rosa-amalfitana\/#primaryimage","url":"https:\/\/www.essence-du-fragrance.ro\/wp-content\/uploads\/2026\/02\/img_2895-2-scaled.jpeg","contentUrl":"https:\/\/www.essence-du-fragrance.ro\/wp-content\/uploads\/2026\/02\/img_2895-2-scaled.jpeg","width":1707,"height":2560},{"@type":"BreadcrumbList","@id":"https:\/\/www.essence-du-fragrance.ro\/produs\/amour-rosa-amalfitana\/#breadcrumb","itemListElement":[{"@type":"ListItem","position":1,"name":"Prima pagin\u0103","item":"https:\/\/www.essence-du-fragrance.ro\/"},{"@type":"ListItem","position":2,"name":"Magazin","item":"https:\/\/www.essence-du-fragrance.ro\/magazin-parfumuri-exclusiviste-ambientale\/"},{"@type":"ListItem","position":3,"name":"ROSA AMALFITANA"}]},{"@type":"WebSite","@id":"https:\/\/www.essence-du-fragrance.ro\/#website","url":"https:\/\/www.essence-du-fragrance.ro\/","name":"Essence du Fragrance","description":"Transform\u0103 orice \u00eenc\u0103pere \u00eentr-un paradis olfactiv cu Essence du Fragrance!","publisher":{"@id":"https:\/\/www.essence-du-fragrance.ro\/#organization"},"potentialAction":[{"@type":"SearchAction","target":{"@type":"EntryPoint","urlTemplate":"https:\/\/www.essence-du-fragrance.ro\/?s={search_term_string}"},"query-input":{"@type":"PropertyValueSpecification","valueRequired":true,"valueName":"search_term_string"}}],"inLanguage":"en-US"},{"@type":"Organization","@id":"https:\/\/www.essence-du-fragrance.ro\/#organization","name":"Essence du Fragrance","url":"https:\/\/www.essence-du-fragrance.ro\/","logo":{"@type":"ImageObject","inLanguage":"en-US","@id":"https:\/\/www.essence-du-fragrance.ro\/#\/schema\/logo\/image\/","url":"https:\/\/www.essence-du-fragrance.ro\/wp-content\/uploads\/2023\/03\/3-Favicon.png","contentUrl":"https:\/\/www.essence-du-fragrance.ro\/wp-content\/uploads\/2023\/03\/3-Favicon.png","width":1024,"height":1024,"caption":"Essence du Fragrance"},"image":{"@id":"https:\/\/www.essence-du-fragrance.ro\/#\/schema\/logo\/image\/"}}]}},"jetpack_sharing_enabled":true,"_links":{"self":[{"href":"https:\/\/www.essence-du-fragrance.ro\/en\/wp-json\/wp\/v2\/product\/10255","targetHints":{"allow":["GET"]}}],"collection":[{"href":"https:\/\/www.essence-du-fragrance.ro\/en\/wp-json\/wp\/v2\/product"}],"about":[{"href":"https:\/\/www.essence-du-fragrance.ro\/en\/wp-json\/wp\/v2\/types\/product"}],"version-history":[{"count":3,"href":"https:\/\/www.essence-du-fragrance.ro\/en\/wp-json\/wp\/v2\/product\/10255\/revisions"}],"predecessor-version":[{"id":10289,"href":"https:\/\/www.essence-du-fragrance.ro\/en\/wp-json\/wp\/v2\/product\/10255\/revisions\/10289"}],"wp:featuredmedia":[{"embeddable":true,"href":"https:\/\/www.essence-du-fragrance.ro\/en\/wp-json\/wp\/v2\/media\/10290"}],"wp:attachment":[{"href":"https:\/\/www.essence-du-fragrance.ro\/en\/wp-json\/wp\/v2\/media?parent=10255"}],"wp:term":[{"taxonomy":"product_brand","embeddable":true,"href":"https:\/\/www.essence-du-fragrance.ro\/en\/wp-json\/wp\/v2\/product_brand?post=10255"},{"taxonomy":"product_cat","embeddable":true,"href":"https:\/\/www.essence-du-fragrance.ro\/en\/wp-json\/wp\/v2\/product_cat?post=10255"},{"taxonomy":"product_tag","embeddable":true,"href":"https:\/\/www.essence-du-fragrance.ro\/en\/wp-json\/wp\/v2\/product_tag?post=10255"}],"curies":[{"name":"wp","href":"https:\/\/api.w.org\/{rel}","templated":true}]}}