{"id":10113,"date":"2025-11-29T20:58:15","date_gmt":"2025-11-29T20:58:15","guid":{"rendered":"https:\/\/www.essence-du-fragrance.ro\/?post_type=product&#038;p=10113"},"modified":"2026-04-10T10:01:32","modified_gmt":"2026-04-10T10:01:32","slug":"parfum-pentru-textile-rosso-divino","status":"publish","type":"product","link":"https:\/\/www.essence-du-fragrance.ro\/en\/product\/parfum-pentru-textile-rosso-divino\/","title":{"rendered":"Parfum pentru textile ROSSO DI&#8217;VINO"},"content":{"rendered":"","protected":false},"excerpt":{"rendered":"<p><strong data-start=\"390\" data-end=\"406\" style=\"font-style: normal;letter-spacing: normal;text-align: start;text-indent: 0px;text-transform: none;text-decoration: none\">Rosso Divino<\/strong><span style=\"font-family: -webkit-standard;font-size: medium;font-style: normal;font-weight: 400;letter-spacing: normal;text-align: start;text-indent: 0px;text-transform: none;text-decoration: none;float: none\"><strong><span class=\"Apple-converted-space\">&nbsp;<\/span><\/strong><\/span><span style=\"font-family: -webkit-standard;font-size: medium;font-style: normal;font-weight: 400;letter-spacing: normal;text-align: start;text-indent: 0px;text-transform: none;text-decoration: none;float: none\"><strong>este o esen\u021b\u0103 intens\u0103 \u0219i seduc\u0103toare, construit\u0103 \u00een jurul contrastului dintre note calde, condimentate \u0219i prospe\u021bimea citricelor. Aroma se deschide cu accente luminoase de<\/strong><\/span><span style=\"font-family: -webkit-standard;font-size: medium;font-style: normal;font-weight: 400;letter-spacing: normal;text-align: start;text-indent: 0px;text-transform: none;text-decoration: none;float: none\"><strong><span class=\"Apple-converted-space\">&nbsp;<\/span><\/strong><\/span><strong data-start=\"579\" data-end=\"626\" style=\"font-style: normal;letter-spacing: normal;text-align: start;text-indent: 0px;text-transform: none;text-decoration: none\">coaj\u0103 de portocal\u0103 amar\u0103<\/strong><span style=\"font-family: -webkit-standard;font-size: medium;font-style: normal;font-weight: 400;letter-spacing: normal;text-align: start;text-indent: 0px;text-transform: none;text-decoration: none;float: none\"><strong>, ce aduc energie \u0219i vitalitate. \u00cen inima parfumului i se contureaz\u0103 o senzualitate condimentat\u0103<\/strong><\/span><span style=\"font-family: -webkit-standard;font-size: medium;font-style: normal;font-weight: 400;letter-spacing: normal;text-align: start;text-indent: 0px;text-transform: none;text-decoration: none;float: none\"><strong>, evoc\u00e2nd c\u0103ldura scor\u021bi\u0219oarei, \u00een timp ce notele florale \u0219i delicate <\/strong><\/span><span style=\"font-family: -webkit-standard;font-size: medium;font-style: normal;font-weight: 400;letter-spacing: normal;text-align: start;text-indent: 0px;text-transform: none;text-decoration: none;float: none\"><strong>confer\u0103 rotunjime \u0219i elegan\u021b\u0103 compozi\u021biei.<\/strong><\/span><\/p>\n<p>Prezentare: parfum pentru textile 300ml<\/p>\n<p>Mod de utilizare: pulverizati pe tesatura dorita de la o distanta de aproximativ 30cm.<\/p>","protected":false},"featured_media":10129,"template":"","meta":[],"product_brand":[],"product_cat":[20],"product_tag":[],"class_list":{"0":"post-10113","1":"product","2":"type-product","3":"status-publish","4":"has-post-thumbnail","6":"product_cat-home-fragrance","8":"first","9":"outofstock","10":"shipping-taxable","11":"purchasable","12":"product-type-simple"},"yoast_head":"<!-- This site is optimized with the Yoast SEO Premium plugin v20.4 (Yoast SEO v26.3) - https:\/\/yoast.com\/wordpress\/plugins\/seo\/ -->\n<title>Parfum pentru textile ROSSO DI&#039;VINO - Essence du Fragrance<\/title>\n<meta name=\"robots\" content=\"index, follow, max-snippet:-1, max-image-preview:large, max-video-preview:-1\" \/>\n<link rel=\"canonical\" href=\"https:\/\/www.essence-du-fragrance.ro\/en\/product\/parfum-pentru-textile-rosso-divino\/\" \/>\n<meta property=\"og:locale\" content=\"en_US\" \/>\n<meta property=\"og:type\" content=\"article\" \/>\n<meta property=\"og:title\" content=\"Parfum pentru textile ROSSO DI&#039;VINO\" \/>\n<meta property=\"og:description\" content=\"Rosso Divino&nbsp;este o esen\u021b\u0103 intens\u0103 \u0219i seduc\u0103toare, construit\u0103 \u00een jurul contrastului dintre note calde, condimentate \u0219i prospe\u021bimea citricelor. Aroma se deschide cu accente luminoase de&nbsp;coaj\u0103 de portocal\u0103 amar\u0103, ce aduc energie \u0219i vitalitate. \u00cen inima parfumului i se contureaz\u0103 o senzualitate condimentat\u0103, evoc\u00e2nd c\u0103ldura scor\u021bi\u0219oarei, \u00een timp ce notele florale \u0219i delicate confer\u0103 rotunjime \u0219i elegan\u021b\u0103 compozi\u021biei. Prezentare: parfum pentru textile 300ml Mod de utilizare: pulverizati pe tesatura dorita de la o distanta de aproximativ 30cm.\" \/>\n<meta property=\"og:url\" content=\"https:\/\/www.essence-du-fragrance.ro\/en\/product\/parfum-pentru-textile-rosso-divino\/\" \/>\n<meta property=\"og:site_name\" content=\"Essence du Fragrance\" \/>\n<meta property=\"article:modified_time\" content=\"2026-04-10T10:01:32+00:00\" \/>\n<meta property=\"og:image\" content=\"https:\/\/www.essence-du-fragrance.ro\/wp-content\/uploads\/2025\/11\/img_2385-scaled.jpeg\" \/>\n\t<meta property=\"og:image:width\" content=\"1707\" \/>\n\t<meta property=\"og:image:height\" content=\"2560\" \/>\n\t<meta property=\"og:image:type\" content=\"image\/jpeg\" \/>\n<meta name=\"twitter:card\" content=\"summary_large_image\" \/>\n<script type=\"application\/ld+json\" class=\"yoast-schema-graph\">{\"@context\":\"https:\/\/schema.org\",\"@graph\":[{\"@type\":\"WebPage\",\"@id\":\"https:\/\/www.essence-du-fragrance.ro\/produs\/parfum-pentru-textile-rosso-divino\/\",\"url\":\"https:\/\/www.essence-du-fragrance.ro\/produs\/parfum-pentru-textile-rosso-divino\/\",\"name\":\"Parfum pentru textile ROSSO DI'VINO - Essence du Fragrance\",\"isPartOf\":{\"@id\":\"https:\/\/www.essence-du-fragrance.ro\/#website\"},\"primaryImageOfPage\":{\"@id\":\"https:\/\/www.essence-du-fragrance.ro\/produs\/parfum-pentru-textile-rosso-divino\/#primaryimage\"},\"image\":{\"@id\":\"https:\/\/www.essence-du-fragrance.ro\/produs\/parfum-pentru-textile-rosso-divino\/#primaryimage\"},\"thumbnailUrl\":\"https:\/\/www.essence-du-fragrance.ro\/wp-content\/uploads\/2025\/11\/img_2385-scaled.jpeg\",\"datePublished\":\"2025-11-29T20:58:15+00:00\",\"dateModified\":\"2026-04-10T10:01:32+00:00\",\"breadcrumb\":{\"@id\":\"https:\/\/www.essence-du-fragrance.ro\/produs\/parfum-pentru-textile-rosso-divino\/#breadcrumb\"},\"inLanguage\":\"en-US\",\"potentialAction\":[{\"@type\":\"ReadAction\",\"target\":[\"https:\/\/www.essence-du-fragrance.ro\/produs\/parfum-pentru-textile-rosso-divino\/\"]}]},{\"@type\":\"ImageObject\",\"inLanguage\":\"en-US\",\"@id\":\"https:\/\/www.essence-du-fragrance.ro\/produs\/parfum-pentru-textile-rosso-divino\/#primaryimage\",\"url\":\"https:\/\/www.essence-du-fragrance.ro\/wp-content\/uploads\/2025\/11\/img_2385-scaled.jpeg\",\"contentUrl\":\"https:\/\/www.essence-du-fragrance.ro\/wp-content\/uploads\/2025\/11\/img_2385-scaled.jpeg\",\"width\":1707,\"height\":2560},{\"@type\":\"BreadcrumbList\",\"@id\":\"https:\/\/www.essence-du-fragrance.ro\/produs\/parfum-pentru-textile-rosso-divino\/#breadcrumb\",\"itemListElement\":[{\"@type\":\"ListItem\",\"position\":1,\"name\":\"Prima pagin\u0103\",\"item\":\"https:\/\/www.essence-du-fragrance.ro\/\"},{\"@type\":\"ListItem\",\"position\":2,\"name\":\"Magazin\",\"item\":\"https:\/\/www.essence-du-fragrance.ro\/magazin-parfumuri-exclusiviste-ambientale\/\"},{\"@type\":\"ListItem\",\"position\":3,\"name\":\"Parfum pentru textile ROSSO DI&#8217;VINO\"}]},{\"@type\":\"WebSite\",\"@id\":\"https:\/\/www.essence-du-fragrance.ro\/#website\",\"url\":\"https:\/\/www.essence-du-fragrance.ro\/\",\"name\":\"Essence du Fragrance\",\"description\":\"Transform\u0103 orice \u00eenc\u0103pere \u00eentr-un paradis olfactiv cu Essence du Fragrance!\",\"publisher\":{\"@id\":\"https:\/\/www.essence-du-fragrance.ro\/#organization\"},\"potentialAction\":[{\"@type\":\"SearchAction\",\"target\":{\"@type\":\"EntryPoint\",\"urlTemplate\":\"https:\/\/www.essence-du-fragrance.ro\/?s={search_term_string}\"},\"query-input\":{\"@type\":\"PropertyValueSpecification\",\"valueRequired\":true,\"valueName\":\"search_term_string\"}}],\"inLanguage\":\"en-US\"},{\"@type\":\"Organization\",\"@id\":\"https:\/\/www.essence-du-fragrance.ro\/#organization\",\"name\":\"Essence du Fragrance\",\"url\":\"https:\/\/www.essence-du-fragrance.ro\/\",\"logo\":{\"@type\":\"ImageObject\",\"inLanguage\":\"en-US\",\"@id\":\"https:\/\/www.essence-du-fragrance.ro\/#\/schema\/logo\/image\/\",\"url\":\"https:\/\/www.essence-du-fragrance.ro\/wp-content\/uploads\/2023\/03\/3-Favicon.png\",\"contentUrl\":\"https:\/\/www.essence-du-fragrance.ro\/wp-content\/uploads\/2023\/03\/3-Favicon.png\",\"width\":1024,\"height\":1024,\"caption\":\"Essence du Fragrance\"},\"image\":{\"@id\":\"https:\/\/www.essence-du-fragrance.ro\/#\/schema\/logo\/image\/\"}}]}<\/script>\n<!-- \/ Yoast SEO Premium plugin. -->","yoast_head_json":{"title":"Parfum pentru textile ROSSO DI'VINO - Essence du Fragrance","robots":{"index":"index","follow":"follow","max-snippet":"max-snippet:-1","max-image-preview":"max-image-preview:large","max-video-preview":"max-video-preview:-1"},"canonical":"https:\/\/www.essence-du-fragrance.ro\/en\/product\/parfum-pentru-textile-rosso-divino\/","og_locale":"en_US","og_type":"article","og_title":"Parfum pentru textile ROSSO DI'VINO","og_description":"Rosso Divino&nbsp;este o esen\u021b\u0103 intens\u0103 \u0219i seduc\u0103toare, construit\u0103 \u00een jurul contrastului dintre note calde, condimentate \u0219i prospe\u021bimea citricelor. Aroma se deschide cu accente luminoase de&nbsp;coaj\u0103 de portocal\u0103 amar\u0103, ce aduc energie \u0219i vitalitate. \u00cen inima parfumului i se contureaz\u0103 o senzualitate condimentat\u0103, evoc\u00e2nd c\u0103ldura scor\u021bi\u0219oarei, \u00een timp ce notele florale \u0219i delicate confer\u0103 rotunjime \u0219i elegan\u021b\u0103 compozi\u021biei. Prezentare: parfum pentru textile 300ml Mod de utilizare: pulverizati pe tesatura dorita de la o distanta de aproximativ 30cm.","og_url":"https:\/\/www.essence-du-fragrance.ro\/en\/product\/parfum-pentru-textile-rosso-divino\/","og_site_name":"Essence du Fragrance","article_modified_time":"2026-04-10T10:01:32+00:00","og_image":[{"width":1707,"height":2560,"url":"https:\/\/www.essence-du-fragrance.ro\/wp-content\/uploads\/2025\/11\/img_2385-scaled.jpeg","type":"image\/jpeg"}],"twitter_card":"summary_large_image","schema":{"@context":"https:\/\/schema.org","@graph":[{"@type":"WebPage","@id":"https:\/\/www.essence-du-fragrance.ro\/produs\/parfum-pentru-textile-rosso-divino\/","url":"https:\/\/www.essence-du-fragrance.ro\/produs\/parfum-pentru-textile-rosso-divino\/","name":"Parfum pentru textile ROSSO DI'VINO - Essence du Fragrance","isPartOf":{"@id":"https:\/\/www.essence-du-fragrance.ro\/#website"},"primaryImageOfPage":{"@id":"https:\/\/www.essence-du-fragrance.ro\/produs\/parfum-pentru-textile-rosso-divino\/#primaryimage"},"image":{"@id":"https:\/\/www.essence-du-fragrance.ro\/produs\/parfum-pentru-textile-rosso-divino\/#primaryimage"},"thumbnailUrl":"https:\/\/www.essence-du-fragrance.ro\/wp-content\/uploads\/2025\/11\/img_2385-scaled.jpeg","datePublished":"2025-11-29T20:58:15+00:00","dateModified":"2026-04-10T10:01:32+00:00","breadcrumb":{"@id":"https:\/\/www.essence-du-fragrance.ro\/produs\/parfum-pentru-textile-rosso-divino\/#breadcrumb"},"inLanguage":"en-US","potentialAction":[{"@type":"ReadAction","target":["https:\/\/www.essence-du-fragrance.ro\/produs\/parfum-pentru-textile-rosso-divino\/"]}]},{"@type":"ImageObject","inLanguage":"en-US","@id":"https:\/\/www.essence-du-fragrance.ro\/produs\/parfum-pentru-textile-rosso-divino\/#primaryimage","url":"https:\/\/www.essence-du-fragrance.ro\/wp-content\/uploads\/2025\/11\/img_2385-scaled.jpeg","contentUrl":"https:\/\/www.essence-du-fragrance.ro\/wp-content\/uploads\/2025\/11\/img_2385-scaled.jpeg","width":1707,"height":2560},{"@type":"BreadcrumbList","@id":"https:\/\/www.essence-du-fragrance.ro\/produs\/parfum-pentru-textile-rosso-divino\/#breadcrumb","itemListElement":[{"@type":"ListItem","position":1,"name":"Prima pagin\u0103","item":"https:\/\/www.essence-du-fragrance.ro\/"},{"@type":"ListItem","position":2,"name":"Magazin","item":"https:\/\/www.essence-du-fragrance.ro\/magazin-parfumuri-exclusiviste-ambientale\/"},{"@type":"ListItem","position":3,"name":"Parfum pentru textile ROSSO DI&#8217;VINO"}]},{"@type":"WebSite","@id":"https:\/\/www.essence-du-fragrance.ro\/#website","url":"https:\/\/www.essence-du-fragrance.ro\/","name":"Essence du Fragrance","description":"Transform\u0103 orice \u00eenc\u0103pere \u00eentr-un paradis olfactiv cu Essence du Fragrance!","publisher":{"@id":"https:\/\/www.essence-du-fragrance.ro\/#organization"},"potentialAction":[{"@type":"SearchAction","target":{"@type":"EntryPoint","urlTemplate":"https:\/\/www.essence-du-fragrance.ro\/?s={search_term_string}"},"query-input":{"@type":"PropertyValueSpecification","valueRequired":true,"valueName":"search_term_string"}}],"inLanguage":"en-US"},{"@type":"Organization","@id":"https:\/\/www.essence-du-fragrance.ro\/#organization","name":"Essence du Fragrance","url":"https:\/\/www.essence-du-fragrance.ro\/","logo":{"@type":"ImageObject","inLanguage":"en-US","@id":"https:\/\/www.essence-du-fragrance.ro\/#\/schema\/logo\/image\/","url":"https:\/\/www.essence-du-fragrance.ro\/wp-content\/uploads\/2023\/03\/3-Favicon.png","contentUrl":"https:\/\/www.essence-du-fragrance.ro\/wp-content\/uploads\/2023\/03\/3-Favicon.png","width":1024,"height":1024,"caption":"Essence du Fragrance"},"image":{"@id":"https:\/\/www.essence-du-fragrance.ro\/#\/schema\/logo\/image\/"}}]}},"jetpack_sharing_enabled":true,"_links":{"self":[{"href":"https:\/\/www.essence-du-fragrance.ro\/en\/wp-json\/wp\/v2\/product\/10113","targetHints":{"allow":["GET"]}}],"collection":[{"href":"https:\/\/www.essence-du-fragrance.ro\/en\/wp-json\/wp\/v2\/product"}],"about":[{"href":"https:\/\/www.essence-du-fragrance.ro\/en\/wp-json\/wp\/v2\/types\/product"}],"version-history":[{"count":5,"href":"https:\/\/www.essence-du-fragrance.ro\/en\/wp-json\/wp\/v2\/product\/10113\/revisions"}],"predecessor-version":[{"id":10165,"href":"https:\/\/www.essence-du-fragrance.ro\/en\/wp-json\/wp\/v2\/product\/10113\/revisions\/10165"}],"wp:featuredmedia":[{"embeddable":true,"href":"https:\/\/www.essence-du-fragrance.ro\/en\/wp-json\/wp\/v2\/media\/10129"}],"wp:attachment":[{"href":"https:\/\/www.essence-du-fragrance.ro\/en\/wp-json\/wp\/v2\/media?parent=10113"}],"wp:term":[{"taxonomy":"product_brand","embeddable":true,"href":"https:\/\/www.essence-du-fragrance.ro\/en\/wp-json\/wp\/v2\/product_brand?post=10113"},{"taxonomy":"product_cat","embeddable":true,"href":"https:\/\/www.essence-du-fragrance.ro\/en\/wp-json\/wp\/v2\/product_cat?post=10113"},{"taxonomy":"product_tag","embeddable":true,"href":"https:\/\/www.essence-du-fragrance.ro\/en\/wp-json\/wp\/v2\/product_tag?post=10113"}],"curies":[{"name":"wp","href":"https:\/\/api.w.org\/{rel}","templated":true}]}}