{"id":10101,"date":"2025-11-29T20:25:38","date_gmt":"2025-11-29T20:25:38","guid":{"rendered":"https:\/\/www.essence-du-fragrance.ro\/?post_type=product&#038;p=10101"},"modified":"2026-02-04T20:01:17","modified_gmt":"2026-02-04T20:01:17","slug":"arancio-cannella-big-gift-box","status":"publish","type":"product","link":"https:\/\/www.essence-du-fragrance.ro\/en\/product\/arancio-cannella-big-gift-box\/","title":{"rendered":"ARANCIO CANNELLA BIG GIFT BOX"},"content":{"rendered":"","protected":false},"excerpt":{"rendered":"<p><strong>Parfumul de portocal\u0103 \u0219i scor\u021bi\u0219oar\u0103 evoc\u0103 o senza\u021bie cald\u0103, reconfortant\u0103 \u0219i festiv\u0103. Notele citrice ale portocalei aduc prospe\u021bime, dulcea\u021b\u0103 \u0219i o u\u0219oar\u0103 aciditate, \u00een timp ce scor\u021bi\u0219oara adaug\u0103 o c\u0103ldur\u0103 condimentat\u0103 \u0219i u\u0219or lemnoas\u0103. Acest parfum creeaz\u0103 o atmosfer\u0103 cozy asociat\u0103 cu deserturile aromate.<\/strong><\/p>\n<p class=\"p1\"><span class=\"s1\">Setul cadou contine: doua odorizante pentru camera, 200\/500ml, care vin insotite de 6, respectiv 10 betisoare pentru o difuzie optima, o esenta pentru difuzor 10ml si o lumanare 320gr . Recomandam pozitionarea acestora intr-un loc ferit de razele directe ale soarelui sau surse de caldura. Pentru un miros mai intens betisoarele se pot intoarce din cand in cand.<\/span><\/p>","protected":false},"featured_media":10136,"template":"","meta":[],"product_brand":[],"product_cat":[20],"product_tag":[],"class_list":{"0":"post-10101","1":"product","2":"type-product","3":"status-publish","4":"has-post-thumbnail","6":"product_cat-home-fragrance","8":"first","9":"instock","10":"shipping-taxable","11":"purchasable","12":"product-type-simple"},"yoast_head":"<!-- This site is optimized with the Yoast SEO Premium plugin v20.4 (Yoast SEO v26.3) - https:\/\/yoast.com\/wordpress\/plugins\/seo\/ -->\n<title>ARANCIO CANNELLA BIG GIFT BOX - Essence du Fragrance<\/title>\n<meta name=\"robots\" content=\"index, follow, max-snippet:-1, max-image-preview:large, max-video-preview:-1\" \/>\n<link rel=\"canonical\" href=\"https:\/\/www.essence-du-fragrance.ro\/en\/product\/arancio-cannella-big-gift-box\/\" \/>\n<meta property=\"og:locale\" content=\"en_US\" \/>\n<meta property=\"og:type\" content=\"article\" \/>\n<meta property=\"og:title\" content=\"ARANCIO CANNELLA BIG GIFT BOX\" \/>\n<meta property=\"og:description\" content=\"Parfumul de portocal\u0103 \u0219i scor\u021bi\u0219oar\u0103 evoc\u0103 o senza\u021bie cald\u0103, reconfortant\u0103 \u0219i festiv\u0103. Notele citrice ale portocalei aduc prospe\u021bime, dulcea\u021b\u0103 \u0219i o u\u0219oar\u0103 aciditate, \u00een timp ce scor\u021bi\u0219oara adaug\u0103 o c\u0103ldur\u0103 condimentat\u0103 \u0219i u\u0219or lemnoas\u0103. Acest parfum creeaz\u0103 o atmosfer\u0103 cozy asociat\u0103 cu deserturile aromate. Setul cadou contine: doua odorizante pentru camera, 200\/500ml, care vin insotite de 6, respectiv 10 betisoare pentru o difuzie optima, o esenta pentru difuzor 10ml si o lumanare 320gr . Recomandam pozitionarea acestora intr-un loc ferit de razele directe ale soarelui sau surse de caldura. Pentru un miros mai intens betisoarele se pot intoarce din cand in cand.\" \/>\n<meta property=\"og:url\" content=\"https:\/\/www.essence-du-fragrance.ro\/en\/product\/arancio-cannella-big-gift-box\/\" \/>\n<meta property=\"og:site_name\" content=\"Essence du Fragrance\" \/>\n<meta property=\"article:modified_time\" content=\"2026-02-04T20:01:17+00:00\" \/>\n<meta property=\"og:image\" content=\"https:\/\/www.essence-du-fragrance.ro\/wp-content\/uploads\/2025\/11\/img_2383-scaled.jpeg\" \/>\n\t<meta property=\"og:image:width\" content=\"1707\" \/>\n\t<meta property=\"og:image:height\" content=\"2560\" \/>\n\t<meta property=\"og:image:type\" content=\"image\/jpeg\" \/>\n<meta name=\"twitter:card\" content=\"summary_large_image\" \/>\n<script type=\"application\/ld+json\" class=\"yoast-schema-graph\">{\"@context\":\"https:\/\/schema.org\",\"@graph\":[{\"@type\":\"WebPage\",\"@id\":\"https:\/\/www.essence-du-fragrance.ro\/produs\/arancio-cannella-big-gift-box\/\",\"url\":\"https:\/\/www.essence-du-fragrance.ro\/produs\/arancio-cannella-big-gift-box\/\",\"name\":\"ARANCIO CANNELLA BIG GIFT BOX - Essence du Fragrance\",\"isPartOf\":{\"@id\":\"https:\/\/www.essence-du-fragrance.ro\/#website\"},\"primaryImageOfPage\":{\"@id\":\"https:\/\/www.essence-du-fragrance.ro\/produs\/arancio-cannella-big-gift-box\/#primaryimage\"},\"image\":{\"@id\":\"https:\/\/www.essence-du-fragrance.ro\/produs\/arancio-cannella-big-gift-box\/#primaryimage\"},\"thumbnailUrl\":\"https:\/\/www.essence-du-fragrance.ro\/wp-content\/uploads\/2025\/11\/img_2383-scaled.jpeg\",\"datePublished\":\"2025-11-29T20:25:38+00:00\",\"dateModified\":\"2026-02-04T20:01:17+00:00\",\"breadcrumb\":{\"@id\":\"https:\/\/www.essence-du-fragrance.ro\/produs\/arancio-cannella-big-gift-box\/#breadcrumb\"},\"inLanguage\":\"en-US\",\"potentialAction\":[{\"@type\":\"ReadAction\",\"target\":[\"https:\/\/www.essence-du-fragrance.ro\/produs\/arancio-cannella-big-gift-box\/\"]}]},{\"@type\":\"ImageObject\",\"inLanguage\":\"en-US\",\"@id\":\"https:\/\/www.essence-du-fragrance.ro\/produs\/arancio-cannella-big-gift-box\/#primaryimage\",\"url\":\"https:\/\/www.essence-du-fragrance.ro\/wp-content\/uploads\/2025\/11\/img_2383-scaled.jpeg\",\"contentUrl\":\"https:\/\/www.essence-du-fragrance.ro\/wp-content\/uploads\/2025\/11\/img_2383-scaled.jpeg\",\"width\":1707,\"height\":2560},{\"@type\":\"BreadcrumbList\",\"@id\":\"https:\/\/www.essence-du-fragrance.ro\/produs\/arancio-cannella-big-gift-box\/#breadcrumb\",\"itemListElement\":[{\"@type\":\"ListItem\",\"position\":1,\"name\":\"Prima pagin\u0103\",\"item\":\"https:\/\/www.essence-du-fragrance.ro\/\"},{\"@type\":\"ListItem\",\"position\":2,\"name\":\"Magazin\",\"item\":\"https:\/\/www.essence-du-fragrance.ro\/magazin-parfumuri-exclusiviste-ambientale\/\"},{\"@type\":\"ListItem\",\"position\":3,\"name\":\"ARANCIO CANNELLA BIG GIFT BOX\"}]},{\"@type\":\"WebSite\",\"@id\":\"https:\/\/www.essence-du-fragrance.ro\/#website\",\"url\":\"https:\/\/www.essence-du-fragrance.ro\/\",\"name\":\"Essence du Fragrance\",\"description\":\"Transform\u0103 orice \u00eenc\u0103pere \u00eentr-un paradis olfactiv cu Essence du Fragrance!\",\"publisher\":{\"@id\":\"https:\/\/www.essence-du-fragrance.ro\/#organization\"},\"potentialAction\":[{\"@type\":\"SearchAction\",\"target\":{\"@type\":\"EntryPoint\",\"urlTemplate\":\"https:\/\/www.essence-du-fragrance.ro\/?s={search_term_string}\"},\"query-input\":{\"@type\":\"PropertyValueSpecification\",\"valueRequired\":true,\"valueName\":\"search_term_string\"}}],\"inLanguage\":\"en-US\"},{\"@type\":\"Organization\",\"@id\":\"https:\/\/www.essence-du-fragrance.ro\/#organization\",\"name\":\"Essence du Fragrance\",\"url\":\"https:\/\/www.essence-du-fragrance.ro\/\",\"logo\":{\"@type\":\"ImageObject\",\"inLanguage\":\"en-US\",\"@id\":\"https:\/\/www.essence-du-fragrance.ro\/#\/schema\/logo\/image\/\",\"url\":\"https:\/\/www.essence-du-fragrance.ro\/wp-content\/uploads\/2023\/03\/3-Favicon.png\",\"contentUrl\":\"https:\/\/www.essence-du-fragrance.ro\/wp-content\/uploads\/2023\/03\/3-Favicon.png\",\"width\":1024,\"height\":1024,\"caption\":\"Essence du Fragrance\"},\"image\":{\"@id\":\"https:\/\/www.essence-du-fragrance.ro\/#\/schema\/logo\/image\/\"}}]}<\/script>\n<!-- \/ Yoast SEO Premium plugin. -->","yoast_head_json":{"title":"ARANCIO CANNELLA BIG GIFT BOX - Essence du Fragrance","robots":{"index":"index","follow":"follow","max-snippet":"max-snippet:-1","max-image-preview":"max-image-preview:large","max-video-preview":"max-video-preview:-1"},"canonical":"https:\/\/www.essence-du-fragrance.ro\/en\/product\/arancio-cannella-big-gift-box\/","og_locale":"en_US","og_type":"article","og_title":"ARANCIO CANNELLA BIG GIFT BOX","og_description":"Parfumul de portocal\u0103 \u0219i scor\u021bi\u0219oar\u0103 evoc\u0103 o senza\u021bie cald\u0103, reconfortant\u0103 \u0219i festiv\u0103. Notele citrice ale portocalei aduc prospe\u021bime, dulcea\u021b\u0103 \u0219i o u\u0219oar\u0103 aciditate, \u00een timp ce scor\u021bi\u0219oara adaug\u0103 o c\u0103ldur\u0103 condimentat\u0103 \u0219i u\u0219or lemnoas\u0103. Acest parfum creeaz\u0103 o atmosfer\u0103 cozy asociat\u0103 cu deserturile aromate. Setul cadou contine: doua odorizante pentru camera, 200\/500ml, care vin insotite de 6, respectiv 10 betisoare pentru o difuzie optima, o esenta pentru difuzor 10ml si o lumanare 320gr . Recomandam pozitionarea acestora intr-un loc ferit de razele directe ale soarelui sau surse de caldura. Pentru un miros mai intens betisoarele se pot intoarce din cand in cand.","og_url":"https:\/\/www.essence-du-fragrance.ro\/en\/product\/arancio-cannella-big-gift-box\/","og_site_name":"Essence du Fragrance","article_modified_time":"2026-02-04T20:01:17+00:00","og_image":[{"width":1707,"height":2560,"url":"https:\/\/www.essence-du-fragrance.ro\/wp-content\/uploads\/2025\/11\/img_2383-scaled.jpeg","type":"image\/jpeg"}],"twitter_card":"summary_large_image","schema":{"@context":"https:\/\/schema.org","@graph":[{"@type":"WebPage","@id":"https:\/\/www.essence-du-fragrance.ro\/produs\/arancio-cannella-big-gift-box\/","url":"https:\/\/www.essence-du-fragrance.ro\/produs\/arancio-cannella-big-gift-box\/","name":"ARANCIO CANNELLA BIG GIFT BOX - Essence du Fragrance","isPartOf":{"@id":"https:\/\/www.essence-du-fragrance.ro\/#website"},"primaryImageOfPage":{"@id":"https:\/\/www.essence-du-fragrance.ro\/produs\/arancio-cannella-big-gift-box\/#primaryimage"},"image":{"@id":"https:\/\/www.essence-du-fragrance.ro\/produs\/arancio-cannella-big-gift-box\/#primaryimage"},"thumbnailUrl":"https:\/\/www.essence-du-fragrance.ro\/wp-content\/uploads\/2025\/11\/img_2383-scaled.jpeg","datePublished":"2025-11-29T20:25:38+00:00","dateModified":"2026-02-04T20:01:17+00:00","breadcrumb":{"@id":"https:\/\/www.essence-du-fragrance.ro\/produs\/arancio-cannella-big-gift-box\/#breadcrumb"},"inLanguage":"en-US","potentialAction":[{"@type":"ReadAction","target":["https:\/\/www.essence-du-fragrance.ro\/produs\/arancio-cannella-big-gift-box\/"]}]},{"@type":"ImageObject","inLanguage":"en-US","@id":"https:\/\/www.essence-du-fragrance.ro\/produs\/arancio-cannella-big-gift-box\/#primaryimage","url":"https:\/\/www.essence-du-fragrance.ro\/wp-content\/uploads\/2025\/11\/img_2383-scaled.jpeg","contentUrl":"https:\/\/www.essence-du-fragrance.ro\/wp-content\/uploads\/2025\/11\/img_2383-scaled.jpeg","width":1707,"height":2560},{"@type":"BreadcrumbList","@id":"https:\/\/www.essence-du-fragrance.ro\/produs\/arancio-cannella-big-gift-box\/#breadcrumb","itemListElement":[{"@type":"ListItem","position":1,"name":"Prima pagin\u0103","item":"https:\/\/www.essence-du-fragrance.ro\/"},{"@type":"ListItem","position":2,"name":"Magazin","item":"https:\/\/www.essence-du-fragrance.ro\/magazin-parfumuri-exclusiviste-ambientale\/"},{"@type":"ListItem","position":3,"name":"ARANCIO CANNELLA BIG GIFT BOX"}]},{"@type":"WebSite","@id":"https:\/\/www.essence-du-fragrance.ro\/#website","url":"https:\/\/www.essence-du-fragrance.ro\/","name":"Essence du Fragrance","description":"Transform\u0103 orice \u00eenc\u0103pere \u00eentr-un paradis olfactiv cu Essence du Fragrance!","publisher":{"@id":"https:\/\/www.essence-du-fragrance.ro\/#organization"},"potentialAction":[{"@type":"SearchAction","target":{"@type":"EntryPoint","urlTemplate":"https:\/\/www.essence-du-fragrance.ro\/?s={search_term_string}"},"query-input":{"@type":"PropertyValueSpecification","valueRequired":true,"valueName":"search_term_string"}}],"inLanguage":"en-US"},{"@type":"Organization","@id":"https:\/\/www.essence-du-fragrance.ro\/#organization","name":"Essence du Fragrance","url":"https:\/\/www.essence-du-fragrance.ro\/","logo":{"@type":"ImageObject","inLanguage":"en-US","@id":"https:\/\/www.essence-du-fragrance.ro\/#\/schema\/logo\/image\/","url":"https:\/\/www.essence-du-fragrance.ro\/wp-content\/uploads\/2023\/03\/3-Favicon.png","contentUrl":"https:\/\/www.essence-du-fragrance.ro\/wp-content\/uploads\/2023\/03\/3-Favicon.png","width":1024,"height":1024,"caption":"Essence du Fragrance"},"image":{"@id":"https:\/\/www.essence-du-fragrance.ro\/#\/schema\/logo\/image\/"}}]}},"jetpack_sharing_enabled":true,"_links":{"self":[{"href":"https:\/\/www.essence-du-fragrance.ro\/en\/wp-json\/wp\/v2\/product\/10101","targetHints":{"allow":["GET"]}}],"collection":[{"href":"https:\/\/www.essence-du-fragrance.ro\/en\/wp-json\/wp\/v2\/product"}],"about":[{"href":"https:\/\/www.essence-du-fragrance.ro\/en\/wp-json\/wp\/v2\/types\/product"}],"version-history":[{"count":2,"href":"https:\/\/www.essence-du-fragrance.ro\/en\/wp-json\/wp\/v2\/product\/10101\/revisions"}],"predecessor-version":[{"id":10126,"href":"https:\/\/www.essence-du-fragrance.ro\/en\/wp-json\/wp\/v2\/product\/10101\/revisions\/10126"}],"wp:featuredmedia":[{"embeddable":true,"href":"https:\/\/www.essence-du-fragrance.ro\/en\/wp-json\/wp\/v2\/media\/10136"}],"wp:attachment":[{"href":"https:\/\/www.essence-du-fragrance.ro\/en\/wp-json\/wp\/v2\/media?parent=10101"}],"wp:term":[{"taxonomy":"product_brand","embeddable":true,"href":"https:\/\/www.essence-du-fragrance.ro\/en\/wp-json\/wp\/v2\/product_brand?post=10101"},{"taxonomy":"product_cat","embeddable":true,"href":"https:\/\/www.essence-du-fragrance.ro\/en\/wp-json\/wp\/v2\/product_cat?post=10101"},{"taxonomy":"product_tag","embeddable":true,"href":"https:\/\/www.essence-du-fragrance.ro\/en\/wp-json\/wp\/v2\/product_tag?post=10101"}],"curies":[{"name":"wp","href":"https:\/\/api.w.org\/{rel}","templated":true}]}}