{"id":8878,"date":"2023-02-15T18:02:06","date_gmt":"2023-02-15T18:02:06","guid":{"rendered":"https:\/\/www.essence-du-fragrance.ro\/?page_id=8878"},"modified":"2023-02-15T18:02:06","modified_gmt":"2023-02-15T18:02:06","slug":"metode-de-plata","status":"publish","type":"page","link":"https:\/\/www.essence-du-fragrance.ro\/en\/metode-de-plata\/","title":{"rendered":"Metode de plat\u0103"},"content":{"rendered":"<p>Puteti cumpara produsele de pe site-ul www.essence-du-fragrance.ro\u00a0folosind urmatoarele instrumente de plata:<\/p>\n\n\n\n<p><strong>Ramburs (cash) la livrarea coletului<\/strong><\/p>\n\n\n\n<p>Contravaloarea produselor si a serviciilor comandate pot fi achitate curierului chiar la livrarea acestora la adresa specificata de dumneavoastra.<\/p>\n\n\n\n<p><strong>Prin Card bancar<\/strong><\/p>\n\n\n\n<p>Daca ati ales metoda de plata&nbsp;<strong>\u201d Online prin card bancar \u201e<\/strong>&nbsp;este necesar sa&nbsp;completati un formular cu informatiile despre cardul dumneavoastra in pagina securizata a procesatorului de plati.<br>&nbsp;\u2013 Platile cu carduri de credit\/debit emise sub sigla Visa si MasterCard (Visa\/Visa Electron si MasterCard\/Maestro)<br>se efectueaza prin intermediul sistemului&nbsp;<strong>\u201e3-D Secure\u201d&nbsp;<\/strong>elaborat de organizatiile care asigura tranzactiilor on-line acelasi nivel de securitate ca cele realizate la bancomat sau in mediul fizic, la comerciant.<br>&nbsp;\u2013 \u201e3-D Secure\u201d asigura in primul rand ca nici o informatie legata de cardul dumneavoastra nu este transferata sau stocata,<br>la nici un moment de timp, pe serverele magazinului&nbsp;sau pe serverele procesatorului de plati, aceste date fiind direct introduse in sistemele Visa si MasterCard.<br>Important de stiut! \u2013 Pentru platile prin card bancar nu este perceput nici un comision!<\/p>","protected":false},"excerpt":{"rendered":"<p>Puteti cumpara produsele de pe site-ul www.essence-du-fragrance.ro\u00a0folosind urmatoarele instrumente de plata: Ramburs (cash) la livrarea coletului Contravaloarea produselor si a<\/p>","protected":false},"author":1,"featured_media":0,"parent":0,"menu_order":0,"comment_status":"closed","ping_status":"closed","template":"","meta":{"footnotes":""},"class_list":["post-8878","page","type-page","status-publish","hentry"],"yoast_head":"<!-- This site is optimized with the Yoast SEO Premium plugin v20.4 (Yoast SEO v26.3) - https:\/\/yoast.com\/wordpress\/plugins\/seo\/ -->\n<title>Metode de plat\u0103 - Essence du Fragrance<\/title>\n<meta name=\"robots\" content=\"index, follow, max-snippet:-1, max-image-preview:large, max-video-preview:-1\" \/>\n<link rel=\"canonical\" href=\"https:\/\/www.essence-du-fragrance.ro\/en\/metode-de-plata\/\" \/>\n<meta property=\"og:locale\" content=\"en_US\" \/>\n<meta property=\"og:type\" content=\"article\" \/>\n<meta property=\"og:title\" content=\"Metode de plat\u0103\" \/>\n<meta property=\"og:description\" content=\"Puteti cumpara produsele de pe site-ul www.essence-du-fragrance.ro\u00a0folosind urmatoarele instrumente de plata: Ramburs (cash) la livrarea coletului Contravaloarea produselor si a\" \/>\n<meta property=\"og:url\" content=\"https:\/\/www.essence-du-fragrance.ro\/en\/metode-de-plata\/\" \/>\n<meta property=\"og:site_name\" content=\"Essence du Fragrance\" \/>\n<meta name=\"twitter:card\" content=\"summary_large_image\" \/>\n<meta name=\"twitter:label1\" content=\"Est. reading time\" \/>\n\t<meta name=\"twitter:data1\" content=\"1 minute\" \/>\n<script type=\"application\/ld+json\" class=\"yoast-schema-graph\">{\"@context\":\"https:\/\/schema.org\",\"@graph\":[{\"@type\":\"WebPage\",\"@id\":\"https:\/\/www.essence-du-fragrance.ro\/metode-de-plata\/\",\"url\":\"https:\/\/www.essence-du-fragrance.ro\/metode-de-plata\/\",\"name\":\"Metode de plat\u0103 - Essence du Fragrance\",\"isPartOf\":{\"@id\":\"https:\/\/www.essence-du-fragrance.ro\/#website\"},\"datePublished\":\"2023-02-15T18:02:06+00:00\",\"breadcrumb\":{\"@id\":\"https:\/\/www.essence-du-fragrance.ro\/metode-de-plata\/#breadcrumb\"},\"inLanguage\":\"en-US\",\"potentialAction\":[{\"@type\":\"ReadAction\",\"target\":[\"https:\/\/www.essence-du-fragrance.ro\/metode-de-plata\/\"]}]},{\"@type\":\"BreadcrumbList\",\"@id\":\"https:\/\/www.essence-du-fragrance.ro\/metode-de-plata\/#breadcrumb\",\"itemListElement\":[{\"@type\":\"ListItem\",\"position\":1,\"name\":\"Prima pagin\u0103\",\"item\":\"https:\/\/www.essence-du-fragrance.ro\/\"},{\"@type\":\"ListItem\",\"position\":2,\"name\":\"Metode de plat\u0103\"}]},{\"@type\":\"WebSite\",\"@id\":\"https:\/\/www.essence-du-fragrance.ro\/#website\",\"url\":\"https:\/\/www.essence-du-fragrance.ro\/\",\"name\":\"Essence du Fragrance\",\"description\":\"Transform\u0103 orice \u00eenc\u0103pere \u00eentr-un paradis olfactiv cu Essence du Fragrance!\",\"publisher\":{\"@id\":\"https:\/\/www.essence-du-fragrance.ro\/#organization\"},\"potentialAction\":[{\"@type\":\"SearchAction\",\"target\":{\"@type\":\"EntryPoint\",\"urlTemplate\":\"https:\/\/www.essence-du-fragrance.ro\/?s={search_term_string}\"},\"query-input\":{\"@type\":\"PropertyValueSpecification\",\"valueRequired\":true,\"valueName\":\"search_term_string\"}}],\"inLanguage\":\"en-US\"},{\"@type\":\"Organization\",\"@id\":\"https:\/\/www.essence-du-fragrance.ro\/#organization\",\"name\":\"Essence du Fragrance\",\"url\":\"https:\/\/www.essence-du-fragrance.ro\/\",\"logo\":{\"@type\":\"ImageObject\",\"inLanguage\":\"en-US\",\"@id\":\"https:\/\/www.essence-du-fragrance.ro\/#\/schema\/logo\/image\/\",\"url\":\"https:\/\/www.essence-du-fragrance.ro\/wp-content\/uploads\/2023\/03\/3-Favicon.png\",\"contentUrl\":\"https:\/\/www.essence-du-fragrance.ro\/wp-content\/uploads\/2023\/03\/3-Favicon.png\",\"width\":1024,\"height\":1024,\"caption\":\"Essence du Fragrance\"},\"image\":{\"@id\":\"https:\/\/www.essence-du-fragrance.ro\/#\/schema\/logo\/image\/\"}}]}<\/script>\n<!-- \/ Yoast SEO Premium plugin. -->","yoast_head_json":{"title":"Metode de plat\u0103 - Essence du Fragrance","robots":{"index":"index","follow":"follow","max-snippet":"max-snippet:-1","max-image-preview":"max-image-preview:large","max-video-preview":"max-video-preview:-1"},"canonical":"https:\/\/www.essence-du-fragrance.ro\/en\/metode-de-plata\/","og_locale":"en_US","og_type":"article","og_title":"Metode de plat\u0103","og_description":"Puteti cumpara produsele de pe site-ul www.essence-du-fragrance.ro\u00a0folosind urmatoarele instrumente de plata: Ramburs (cash) la livrarea coletului Contravaloarea produselor si a","og_url":"https:\/\/www.essence-du-fragrance.ro\/en\/metode-de-plata\/","og_site_name":"Essence du Fragrance","twitter_card":"summary_large_image","twitter_misc":{"Est. reading time":"1 minute"},"schema":{"@context":"https:\/\/schema.org","@graph":[{"@type":"WebPage","@id":"https:\/\/www.essence-du-fragrance.ro\/metode-de-plata\/","url":"https:\/\/www.essence-du-fragrance.ro\/metode-de-plata\/","name":"Metode de plat\u0103 - Essence du Fragrance","isPartOf":{"@id":"https:\/\/www.essence-du-fragrance.ro\/#website"},"datePublished":"2023-02-15T18:02:06+00:00","breadcrumb":{"@id":"https:\/\/www.essence-du-fragrance.ro\/metode-de-plata\/#breadcrumb"},"inLanguage":"en-US","potentialAction":[{"@type":"ReadAction","target":["https:\/\/www.essence-du-fragrance.ro\/metode-de-plata\/"]}]},{"@type":"BreadcrumbList","@id":"https:\/\/www.essence-du-fragrance.ro\/metode-de-plata\/#breadcrumb","itemListElement":[{"@type":"ListItem","position":1,"name":"Prima pagin\u0103","item":"https:\/\/www.essence-du-fragrance.ro\/"},{"@type":"ListItem","position":2,"name":"Metode de plat\u0103"}]},{"@type":"WebSite","@id":"https:\/\/www.essence-du-fragrance.ro\/#website","url":"https:\/\/www.essence-du-fragrance.ro\/","name":"Essence du Fragrance","description":"Transform\u0103 orice \u00eenc\u0103pere \u00eentr-un paradis olfactiv cu Essence du Fragrance!","publisher":{"@id":"https:\/\/www.essence-du-fragrance.ro\/#organization"},"potentialAction":[{"@type":"SearchAction","target":{"@type":"EntryPoint","urlTemplate":"https:\/\/www.essence-du-fragrance.ro\/?s={search_term_string}"},"query-input":{"@type":"PropertyValueSpecification","valueRequired":true,"valueName":"search_term_string"}}],"inLanguage":"en-US"},{"@type":"Organization","@id":"https:\/\/www.essence-du-fragrance.ro\/#organization","name":"Essence du Fragrance","url":"https:\/\/www.essence-du-fragrance.ro\/","logo":{"@type":"ImageObject","inLanguage":"en-US","@id":"https:\/\/www.essence-du-fragrance.ro\/#\/schema\/logo\/image\/","url":"https:\/\/www.essence-du-fragrance.ro\/wp-content\/uploads\/2023\/03\/3-Favicon.png","contentUrl":"https:\/\/www.essence-du-fragrance.ro\/wp-content\/uploads\/2023\/03\/3-Favicon.png","width":1024,"height":1024,"caption":"Essence du Fragrance"},"image":{"@id":"https:\/\/www.essence-du-fragrance.ro\/#\/schema\/logo\/image\/"}}]}},"jetpack_sharing_enabled":true,"_links":{"self":[{"href":"https:\/\/www.essence-du-fragrance.ro\/en\/wp-json\/wp\/v2\/pages\/8878","targetHints":{"allow":["GET"]}}],"collection":[{"href":"https:\/\/www.essence-du-fragrance.ro\/en\/wp-json\/wp\/v2\/pages"}],"about":[{"href":"https:\/\/www.essence-du-fragrance.ro\/en\/wp-json\/wp\/v2\/types\/page"}],"author":[{"embeddable":true,"href":"https:\/\/www.essence-du-fragrance.ro\/en\/wp-json\/wp\/v2\/users\/1"}],"replies":[{"embeddable":true,"href":"https:\/\/www.essence-du-fragrance.ro\/en\/wp-json\/wp\/v2\/comments?post=8878"}],"version-history":[{"count":1,"href":"https:\/\/www.essence-du-fragrance.ro\/en\/wp-json\/wp\/v2\/pages\/8878\/revisions"}],"predecessor-version":[{"id":8879,"href":"https:\/\/www.essence-du-fragrance.ro\/en\/wp-json\/wp\/v2\/pages\/8878\/revisions\/8879"}],"wp:attachment":[{"href":"https:\/\/www.essence-du-fragrance.ro\/en\/wp-json\/wp\/v2\/media?parent=8878"}],"curies":[{"name":"wp","href":"https:\/\/api.w.org\/{rel}","templated":true}]}}